{"id":3563,"date":"2024-02-18T17:39:32","date_gmt":"2024-02-18T16:39:32","guid":{"rendered":"https:\/\/sctp.dk\/?page_id=3563"},"modified":"2024-02-21T14:22:19","modified_gmt":"2024-02-21T13:22:19","slug":"robert-wells-christmas","status":"publish","type":"page","link":"https:\/\/sctp.dk\/da_dk\/robert-wells-christmas\/","title":{"rendered":"Robert Wells Christmas"},"content":{"rendered":"\n\n\t<section class=\"section has-parallax\" id=\"section_1735334336\">\n\t\t<div class=\"section-bg fill\" data-parallax-container=\".section\" data-parallax-background data-parallax=\"-10\">\n\t\t\t<img loading=\"lazy\" decoding=\"async\" width=\"1024\" height=\"768\" src=\"https:\/\/sctp.dk\/wp-content\/uploads\/2021\/10\/Rainbow-Entertainment-KoncertOgEvent-booking-bg2-1024x768-1.png\" class=\"bg attachment- size-\" alt=\"\" \/>\t\t\t\t\t\t\n\t\t\t\n\n\t\t<\/div>\n\n\t\t\n\n\t\t<div class=\"section-content relative\">\n\t\t\t\n\n<div class=\"is-divider divider clearfix\" style=\"height:100px;\"><\/div>\n\n<div class=\"row\"  id=\"row-1257137929\">\n\n\n\t<div id=\"col-1931358867\" class=\"col small-12 large-12\"  >\n\t\t\t\t<div class=\"col-inner box-shadow-3 text-shadow-2 dark\"  >\n\t\t\t\n\t\t\t\n\n<div class=\"nav-wrapper\"><ul class=\"nav nav-uppercase nav-horizontal nav-size-large nav-bold text-center nav-center\"><li class=><a href=\"https:\/\/sctp.dk\/da_dk\/artister\/rytmisk\/\">Rytmisk<\/a><\/li><li class=><a href=\"https:\/\/sctp.dk\/da_dk\/artister\/rock-blues\/\">Rock\/Blues<\/a><\/li><li class=><a href=\"https:\/\/sctp.dk\/da_dk\/artister\/country\/\">Country<\/a><\/li><li class=><a href=\"https:\/\/sctp.dk\/da_dk\/artister\/pop-disco\/\">Pop\/Disco<\/a><\/li><li class=><a href=\"https:\/\/sctp.dk\/da_dk\/artister\/jazz\/\">Jazz<\/a><\/li><li class=><a href=\"https:\/\/sctp.dk\/da_dk\/artister\/show\/\">Show<\/a><\/li><li class=><a href=\"https:\/\/sctp.dk\/da_dk\/artister\/klasisk\/\">Klasisk<\/a><\/li><li class=><a href=\"https:\/\/sctp.dk\/da_dk\/artister\/festival\/\">Festival<\/a><\/li><li class=><a href=\"https:\/\/sctp.dk\/da_dk\/artister\/andet\/\">Andet<\/a><\/li><\/ul><\/div>\n\n<div class=\"text-center\"><div class=\"is-divider divider clearfix\" style=\"margin-top:0.0em;margin-bottom:0.0em;max-width:1020px;height:2px;background-color:rgb(60, 179, 109);\"><\/div><\/div>\n\n<div class=\"row\"  id=\"row-1613137349\">\n\n\n\t<div id=\"col-1880669575\" class=\"col small-12 large-12\"  >\n\t\t\t\t<div class=\"col-inner text-shadow-3 dark\"  >\n\t\t\t\n\t\t\t\n\n\t<div id=\"text-3583205529\" class=\"text\">\n\t\t\n\n<h2>Robert Wells Christmas<\/h2>\n<p style=\"text-align: center;\">Velkommen til artistens\/bandets egen side, her vil der v\u00e6re mulighed for, at du kan l\u00e6se meget mere, se billeder og evt. videoer, af dem som du har vist interesse for! God forn\u00f8jelse!<\/p>\n\t\t\n<style>\n#text-3583205529 {\n  text-align: center;\n}\n<\/style>\n\t<\/div>\n\t\n\n\t\t<\/div>\n\t\t\t\t\n<style>\n#col-1880669575 > .col-inner {\n  padding: 10px 15px 0px 15px;\n}\n<\/style>\n\t<\/div>\n\n\t\n\n\t<div id=\"col-756295163\" class=\"col small-12 large-12\"  >\n\t\t\t\t<div class=\"col-inner text-shadow-3 dark\"  >\n\t\t\t\n\t\t\t\n\n<div class=\"row\"  id=\"row-1372630279\">\n\n\n\t<div id=\"col-202073142\" class=\"col medium-6 small-12 large-6\"  >\n\t\t\t\t<div class=\"col-inner\"  >\n\t\t\t\n\t\t\t\n\n\n  \n    <div id=\"gallery-1505184564\" class=\" lightbox-multi-gallery slider slider-auto-height row-collapse slider-nav-reveal\" data-flickity-options='{&quot;imagesLoaded&quot;: true, &quot;dragThreshold&quot; : 5, &quot;cellAlign&quot;: &quot;left&quot;,&quot;wrapAround&quot;: true,&quot;prevNextButtons&quot;: true,&quot;percentPosition&quot;: true,&quot;pageDots&quot;: false, &quot;rightToLeft&quot;: false, &quot;autoPlay&quot; : false}'>\n\n  <div class=\"gallery-col col\" >\n          <div class=\"col-inner\">\n                        <div class=\"box has-hover gallery-box box-overlay dark\">\n              <div class=\"box-image image-glow image-cover\" style=\"border-radius:3%;padding-top:100%;\">\n                <img loading=\"lazy\" decoding=\"async\" width=\"400\" height=\"400\" src=\"https:\/\/sctp.dk\/wp-content\/uploads\/2024\/02\/Robert_1a-400x400.jpg\" class=\"attachment-medium size-medium\" alt=\"\" ids=\"3565\" lightbox=\"false\" type=\"slider-full\" image_height=\"100%\" image_radius=\"3\" image_hover=\"glow\" srcset=\"https:\/\/sctp.dk\/wp-content\/uploads\/2024\/02\/Robert_1a-400x400.jpg 400w, https:\/\/sctp.dk\/wp-content\/uploads\/2024\/02\/Robert_1a-799x800.jpg 799w, https:\/\/sctp.dk\/wp-content\/uploads\/2024\/02\/Robert_1a-280x280.jpg 280w, https:\/\/sctp.dk\/wp-content\/uploads\/2024\/02\/Robert_1a-768x769.jpg 768w, https:\/\/sctp.dk\/wp-content\/uploads\/2024\/02\/Robert_1a-12x12.jpg 12w, https:\/\/sctp.dk\/wp-content\/uploads\/2024\/02\/Robert_1a.jpg 853w\" sizes=\"auto, (max-width: 400px) 100vw, 400px\" \/>                                  <div class=\"overlay fill\"\n                      style=\"background-color: rgba(0,0,0,.15)\">\n                  <\/div>\n                                                              <\/div>\n              <div class=\"box-text text-left\" >\n                 <p><\/p>\n              <\/div>\n            <\/div>\n                      <\/div>\n         <\/div><\/div>\n\n\n\t\t<\/div>\n\t\t\t\t\n<style>\n#col-202073142 > .col-inner {\n  padding: 0px 0px 0px 0px;\n  margin: 0px 0px 0px 0;\n}\n@media (min-width:550px) {\n  #col-202073142 > .col-inner {\n    margin: 0px 0px 0px 15px;\n  }\n}\n<\/style>\n\t<\/div>\n\n\t\n\n\t<div id=\"col-501024165\" class=\"col medium-6 small-12 large-6\"  >\n\t\t\t\t<div class=\"col-inner\"  >\n\t\t\t\n\t\t\t\n\n\n  \n    <div class=\"row  lightbox-multi-gallery large-columns-1 medium-columns-3 small-columns- row-small\" >\n  <div class=\"gallery-col col\" data-animate=\"bounceIn\">\n          <div class=\"col-inner\">\n            <a class=\"\" href=\"https:\/\/sctp.dk\/wp-content\/uploads\/2024\/02\/Wells_SCTP_9-1400x621.jpg\" title=\"\">            <div class=\"box has-hover gallery-box box-overlay dark\">\n              <div class=\"box-image image-zoom box-shadow-4-hover\" style=\"border-radius:3%;\">\n                <img loading=\"lazy\" decoding=\"async\" width=\"800\" height=\"355\" src=\"https:\/\/sctp.dk\/wp-content\/uploads\/2024\/02\/Wells_SCTP_9-800x355.jpg\" class=\"attachment-medium size-medium\" alt=\"\" ids=\"3609\" col_spacing=\"small\" columns=\"1\" columns__md=\"3\" depth_hover=\"4\" animate=\"bounceIn\" image_radius=\"3\" image_hover=\"zoom\" srcset=\"https:\/\/sctp.dk\/wp-content\/uploads\/2024\/02\/Wells_SCTP_9-800x355.jpg 800w, https:\/\/sctp.dk\/wp-content\/uploads\/2024\/02\/Wells_SCTP_9-1400x621.jpg 1400w, https:\/\/sctp.dk\/wp-content\/uploads\/2024\/02\/Wells_SCTP_9-768x341.jpg 768w, https:\/\/sctp.dk\/wp-content\/uploads\/2024\/02\/Wells_SCTP_9-1536x681.jpg 1536w, https:\/\/sctp.dk\/wp-content\/uploads\/2024\/02\/Wells_SCTP_9-2048x908.jpg 2048w, https:\/\/sctp.dk\/wp-content\/uploads\/2024\/02\/Wells_SCTP_9-18x8.jpg 18w\" sizes=\"auto, (max-width: 800px) 100vw, 800px\" \/>                                  <div class=\"overlay fill\"\n                      style=\"background-color: rgba(0,0,0,.15)\">\n                  <\/div>\n                                                              <\/div>\n              <div class=\"box-text text-left\" >\n                 <p><\/p>\n              <\/div>\n            <\/div>\n            <\/a>          <\/div>\n         <\/div><\/div>\n\n\n\t\t<\/div>\n\t\t\t\t\n<style>\n#col-501024165 > .col-inner {\n  padding: 0px 0px 0px 0px;\n}\n@media (min-width:550px) {\n  #col-501024165 > .col-inner {\n    padding: 0px 15px 0px 0px;\n  }\n}\n<\/style>\n\t<\/div>\n\n\t\n\n<\/div>\n\n\t\t<\/div>\n\t\t\t\t\n<style>\n#col-756295163 > .col-inner {\n  padding: 0px 0px 0px 0px;\n  margin: 0px 0px -50px 0px;\n}\n<\/style>\n\t<\/div>\n\n\t\n\n<\/div>\n<div class=\"accordion\">\n\n\t<div id=\"accordion-173561077\" class=\"accordion-item\">\n\t\t<a id=\"accordion-173561077-label\" class=\"accordion-title plain\" href=\"#accordion-item-biografi\" aria-expanded=\"false\" aria-controls=\"accordion-173561077-content\">\n\t\t\t<button class=\"toggle\" aria-label=\"Sl\u00e5 til\/fra\"><i class=\"icon-angle-down\" aria-hidden=\"true\"><\/i><\/button>\n\t\t\t<span>Biografi<\/span>\n\t\t<\/a>\n\t\t<div id=\"accordion-173561077-content\" class=\"accordion-inner\" aria-labelledby=\"accordion-173561077-label\">\n\t\t\t\n\n\t<div id=\"text-2991667035\" class=\"text\">\n\t\t\n\n<p><span data-contrast=\"auto\">ROBERT WELLS<\/span><span data-ccp-props=\"{&quot;134245417&quot;:true}\">\u00a0<\/span><\/p>\n<p><span data-contrast=\"auto\">JINGLE WELLS<\/span><span data-ccp-props=\"{&quot;134245417&quot;:true}\">\u00a0<\/span><\/p>\n<p><span data-contrast=\"auto\">CHRISTMAS<\/span><span data-ccp-props=\"{&quot;134245417&quot;:true}\">\u00a0<\/span><\/p>\n<p><span data-contrast=\"auto\">FEAT. THE VOCALETTES<\/span><span data-ccp-props=\"{&quot;134245417&quot;:true}\">\u00a0<\/span><\/p>\n<p><span data-ccp-props=\"{&quot;134245417&quot;:true}\">\u00a0<\/span><span data-contrast=\"auto\">Robert Wells<\/span><span data-ccp-props=\"{&quot;134245417&quot;:true}\">\u00a0<\/span><\/p>\n<p><span data-contrast=\"auto\">&#8211; A Christmas Spectacular<\/span><span data-ccp-props=\"{&quot;134245417&quot;:true}\">\u00a0<\/span><\/p>\n<p><span data-ccp-props=\"{&quot;134245417&quot;:true}\">\u00a0<\/span><span data-contrast=\"auto\">Sange fra retertoiret: Santa Claus Parade, Christmas Song, Merry\u00a0 X-mas Baby, Run Run Rudolph, Let It Snow, Let It Snow, All I Want For Christmas\u00a0 Is You, Nut Rocker, Rockin This Christmas, Jing A Ling, Jing A Ling, Jingle Bells, Oh Holy\u00a0 Night.<\/span><span data-ccp-props=\"{&quot;134245417&quot;:true}\">\u00a0<\/span><\/p>\n<p><span data-ccp-props=\"{&quot;134245417&quot;:true}\">\u00a0<\/span><span data-contrast=\"auto\">Juletraditionen med Wells og ensemble startede i \u00e5r 2000 under navnet Jingle Wells med dele af Rhapsody in Rocks ensemble. Efter premieren p\u00e5 Grand hotel, Stockholm har ensemblet haft ops\u00e6tninger rundt omkring i norden i kirker, arenaer og koncerthuse.\u00a0<\/span><span data-ccp-props=\"{&quot;134245417&quot;:true}\">\u00a0<\/span><\/p>\n<p><span data-ccp-props=\"{&quot;134245417&quot;:true}\">\u00a0<\/span><span data-contrast=\"auto\">VELKOMMEN<\/span><span data-ccp-props=\"{&quot;134245417&quot;:true}\">\u00a0<\/span><\/p>\n<p><span data-contrast=\"auto\">TIL 100\u00a0 %<\/span> <span data-contrast=\"auto\">JUL<\/span><\/p>\n\t\t\n<style>\n#text-2991667035 {\n  text-align: left;\n  color: rgb(255,255,255);\n}\n#text-2991667035 > * {\n  color: rgb(255,255,255);\n}\n<\/style>\n\t<\/div>\n\t\n\n\t\t<\/div>\n\t<\/div>\n\t\n\t<div id=\"accordion-3284141206\" class=\"accordion-item\">\n\t\t<a id=\"accordion-3284141206-label\" class=\"accordion-title plain\" href=\"#accordion-item-diskografi\" aria-expanded=\"false\" aria-controls=\"accordion-3284141206-content\">\n\t\t\t<button class=\"toggle\" aria-label=\"Sl\u00e5 til\/fra\"><i class=\"icon-angle-down\" aria-hidden=\"true\"><\/i><\/button>\n\t\t\t<span>Diskografi<\/span>\n\t\t<\/a>\n\t\t<div id=\"accordion-3284141206-content\" class=\"accordion-inner\" aria-labelledby=\"accordion-3284141206-label\">\n\t\t\t\n\n<p>kommer her<\/p>\n\n\t\t<\/div>\n\t<\/div>\n\t\n\t<div id=\"accordion-3905920831\" class=\"accordion-item\">\n\t\t<a id=\"accordion-3905920831-label\" class=\"accordion-title plain\" href=\"#accordion-item-citater\" aria-expanded=\"false\" aria-controls=\"accordion-3905920831-content\">\n\t\t\t<button class=\"toggle\" aria-label=\"Sl\u00e5 til\/fra\"><i class=\"icon-angle-down\" aria-hidden=\"true\"><\/i><\/button>\n\t\t\t<span>Citater<\/span>\n\t\t<\/a>\n\t\t<div id=\"accordion-3905920831-content\" class=\"accordion-inner\" aria-labelledby=\"accordion-3905920831-label\">\n\t\t\t\n\n<p>kommer her<\/p>\n\n\t\t<\/div>\n\t<\/div>\n\t\n\t<div id=\"accordion-1739337205\" class=\"accordion-item\">\n\t\t<a id=\"accordion-1739337205-label\" class=\"accordion-title plain\" href=\"#accordion-item-projekt\" aria-expanded=\"false\" aria-controls=\"accordion-1739337205-content\">\n\t\t\t<button class=\"toggle\" aria-label=\"Sl\u00e5 til\/fra\"><i class=\"icon-angle-down\" aria-hidden=\"true\"><\/i><\/button>\n\t\t\t<span>Projekt<\/span>\n\t\t<\/a>\n\t\t<div id=\"accordion-1739337205-content\" class=\"accordion-inner\" aria-labelledby=\"accordion-1739337205-label\">\n\t\t\t\n\n<p>kommer her<\/p>\n\n\t\t<\/div>\n\t<\/div>\n\t\n\t<div id=\"accordion-1808029153\" class=\"accordion-item\">\n\t\t<a id=\"accordion-1808029153-label\" class=\"accordion-title plain\" href=\"#accordion-item-tour-datoer\" aria-expanded=\"false\" aria-controls=\"accordion-1808029153-content\">\n\t\t\t<button class=\"toggle\" aria-label=\"Sl\u00e5 til\/fra\"><i class=\"icon-angle-down\" aria-hidden=\"true\"><\/i><\/button>\n\t\t\t<span>Tour datoer<\/span>\n\t\t<\/a>\n\t\t<div id=\"accordion-1808029153-content\" class=\"accordion-inner\" aria-labelledby=\"accordion-1808029153-label\">\n\t\t\t\n\n<p>2022\/2023<\/p>\n\n\t\t<\/div>\n\t<\/div>\n\t\n\n<\/div>\n<div class=\"row row-small\"  id=\"row-1279466497\">\n\n\n\t<div id=\"col-1470630526\" class=\"col medium-4 small-12 large-4\"  >\n\t\t\t\t<div class=\"col-inner\"  >\n\t\t\t\n\t\t\t\n\n<div class=\"video video-fit mb\" style=\"padding-top:63%;\"><iframe loading=\"lazy\" title=\"Robert Wells och The Vocalettes - BingoLottos Uppesittarkv\u00e4ll 2016\" width=\"1020\" height=\"574\" src=\"https:\/\/www.youtube.com\/embed\/UZaC3SKN2tw?feature=oembed\" frameborder=\"0\" allow=\"accelerometer; autoplay; clipboard-write; encrypted-media; gyroscope; picture-in-picture; web-share\" allowfullscreen><\/iframe><\/div>\n\n\n\t\t<\/div>\n\t\t\t\t\t<\/div>\n\n\t\n\n\n\n\n<style>\n#row-1279466497 > .col > .col-inner {\n  padding: 0px 15px 0px 15px;\n}\n<\/style>\n<\/div>\n\n\t\t<\/div>\n\t\t\t\t\n<style>\n#col-1931358867 > .col-inner {\n  border-radius: 3px;\n}\n<\/style>\n\t<\/div>\n\n\t\n\n\n<style>\n#row-1257137929 > .col > .col-inner {\n  background-color: rgba(33, 46, 89, 0.576);\n}\n<\/style>\n<\/div>\n\n\t\t<\/div>\n\n\t\t\n<style>\n#section_1735334336 {\n  padding-top: 30px;\n  padding-bottom: 30px;\n}\n#section_1735334336 .section-bg img {\n  object-position: 50% 0%;\n}\n<\/style>\n\t<\/section>\n\t\n\n","protected":false},"excerpt":{"rendered":"","protected":false},"author":3,"featured_media":0,"parent":0,"menu_order":0,"comment_status":"closed","ping_status":"closed","template":"page-transparent-header-light.php","meta":{"footnotes":""},"class_list":["post-3563","page","type-page","status-publish","hentry"],"yoast_head":"<!-- This site is optimized with the Yoast SEO plugin v27.5 - https:\/\/yoast.com\/product\/yoast-seo-wordpress\/ -->\n<title>Robert Wells Christmas - Scandinavian Concert and Tour Promotion<\/title>\n<meta name=\"robots\" content=\"index, follow, max-snippet:-1, max-image-preview:large, max-video-preview:-1\" \/>\n<link rel=\"canonical\" href=\"https:\/\/sctp.dk\/da_dk\/robert-wells-christmas\/\" \/>\n<meta property=\"og:locale\" content=\"da_DK\" \/>\n<meta property=\"og:type\" content=\"article\" \/>\n<meta property=\"og:title\" content=\"Robert Wells Christmas - Scandinavian Concert and Tour Promotion\" \/>\n<meta property=\"og:url\" content=\"https:\/\/sctp.dk\/da_dk\/robert-wells-christmas\/\" \/>\n<meta property=\"og:site_name\" content=\"Scandinavian Concert and Tour Promotion\" \/>\n<meta property=\"article:publisher\" content=\"https:\/\/www.facebook.com\/NissumEvent\" \/>\n<meta property=\"article:modified_time\" content=\"2024-02-21T13:22:19+00:00\" \/>\n<meta name=\"twitter:card\" content=\"summary_large_image\" \/>\n<script type=\"application\/ld+json\" class=\"yoast-schema-graph\">{\"@context\":\"https:\\\/\\\/schema.org\",\"@graph\":[{\"@type\":\"WebPage\",\"@id\":\"https:\\\/\\\/sctp.dk\\\/robert-wells-christmas\\\/\",\"url\":\"https:\\\/\\\/sctp.dk\\\/robert-wells-christmas\\\/\",\"name\":\"Robert Wells Christmas - Scandinavian Concert and Tour Promotion\",\"isPartOf\":{\"@id\":\"https:\\\/\\\/sctp.dk\\\/da_dk\\\/#website\"},\"datePublished\":\"2024-02-18T16:39:32+00:00\",\"dateModified\":\"2024-02-21T13:22:19+00:00\",\"breadcrumb\":{\"@id\":\"https:\\\/\\\/sctp.dk\\\/robert-wells-christmas\\\/#breadcrumb\"},\"inLanguage\":\"da-DK\",\"potentialAction\":[{\"@type\":\"ReadAction\",\"target\":[\"https:\\\/\\\/sctp.dk\\\/robert-wells-christmas\\\/\"]}]},{\"@type\":\"BreadcrumbList\",\"@id\":\"https:\\\/\\\/sctp.dk\\\/robert-wells-christmas\\\/#breadcrumb\",\"itemListElement\":[{\"@type\":\"ListItem\",\"position\":1,\"name\":\"Hjem\",\"item\":\"https:\\\/\\\/sctp.dk\\\/\"},{\"@type\":\"ListItem\",\"position\":2,\"name\":\"Robert Wells Christmas\"}]},{\"@type\":\"WebSite\",\"@id\":\"https:\\\/\\\/sctp.dk\\\/da_dk\\\/#website\",\"url\":\"https:\\\/\\\/sctp.dk\\\/da_dk\\\/\",\"name\":\"Scandinavian Concert and Tour Promotion\",\"description\":\"Concert&amp;Tour Promotion \u2022 event\",\"publisher\":{\"@id\":\"https:\\\/\\\/sctp.dk\\\/da_dk\\\/#organization\"},\"potentialAction\":[{\"@type\":\"SearchAction\",\"target\":{\"@type\":\"EntryPoint\",\"urlTemplate\":\"https:\\\/\\\/sctp.dk\\\/da_dk\\\/?s={search_term_string}\"},\"query-input\":{\"@type\":\"PropertyValueSpecification\",\"valueRequired\":true,\"valueName\":\"search_term_string\"}}],\"inLanguage\":\"da-DK\"},{\"@type\":\"Organization\",\"@id\":\"https:\\\/\\\/sctp.dk\\\/da_dk\\\/#organization\",\"name\":\"Scandinavian Concert&Tour Promotion\",\"url\":\"https:\\\/\\\/sctp.dk\\\/da_dk\\\/\",\"logo\":{\"@type\":\"ImageObject\",\"inLanguage\":\"da-DK\",\"@id\":\"https:\\\/\\\/sctp.dk\\\/da_dk\\\/#\\\/schema\\\/logo\\\/image\\\/\",\"url\":\"https:\\\/\\\/sctp.dk\\\/wp-content\\\/uploads\\\/2021\\\/10\\\/Banner_1a.png\",\"contentUrl\":\"https:\\\/\\\/sctp.dk\\\/wp-content\\\/uploads\\\/2021\\\/10\\\/Banner_1a.png\",\"width\":8963,\"height\":2433,\"caption\":\"Scandinavian Concert&Tour Promotion\"},\"image\":{\"@id\":\"https:\\\/\\\/sctp.dk\\\/da_dk\\\/#\\\/schema\\\/logo\\\/image\\\/\"},\"sameAs\":[\"https:\\\/\\\/www.facebook.com\\\/NissumEvent\"]}]}<\/script>\n<!-- \/ Yoast SEO plugin. -->","yoast_head_json":{"title":"Robert Wells Christmas - Scandinavian Concert and Tour Promotion","robots":{"index":"index","follow":"follow","max-snippet":"max-snippet:-1","max-image-preview":"max-image-preview:large","max-video-preview":"max-video-preview:-1"},"canonical":"https:\/\/sctp.dk\/da_dk\/robert-wells-christmas\/","og_locale":"da_DK","og_type":"article","og_title":"Robert Wells Christmas - Scandinavian Concert and Tour Promotion","og_url":"https:\/\/sctp.dk\/da_dk\/robert-wells-christmas\/","og_site_name":"Scandinavian Concert and Tour Promotion","article_publisher":"https:\/\/www.facebook.com\/NissumEvent","article_modified_time":"2024-02-21T13:22:19+00:00","twitter_card":"summary_large_image","schema":{"@context":"https:\/\/schema.org","@graph":[{"@type":"WebPage","@id":"https:\/\/sctp.dk\/robert-wells-christmas\/","url":"https:\/\/sctp.dk\/robert-wells-christmas\/","name":"Robert Wells Christmas - Scandinavian Concert and Tour Promotion","isPartOf":{"@id":"https:\/\/sctp.dk\/da_dk\/#website"},"datePublished":"2024-02-18T16:39:32+00:00","dateModified":"2024-02-21T13:22:19+00:00","breadcrumb":{"@id":"https:\/\/sctp.dk\/robert-wells-christmas\/#breadcrumb"},"inLanguage":"da-DK","potentialAction":[{"@type":"ReadAction","target":["https:\/\/sctp.dk\/robert-wells-christmas\/"]}]},{"@type":"BreadcrumbList","@id":"https:\/\/sctp.dk\/robert-wells-christmas\/#breadcrumb","itemListElement":[{"@type":"ListItem","position":1,"name":"Hjem","item":"https:\/\/sctp.dk\/"},{"@type":"ListItem","position":2,"name":"Robert Wells Christmas"}]},{"@type":"WebSite","@id":"https:\/\/sctp.dk\/da_dk\/#website","url":"https:\/\/sctp.dk\/da_dk\/","name":"Scandinavian Concert and Tour Promotion","description":"Concert&amp;Tour Promotion \u2022 event","publisher":{"@id":"https:\/\/sctp.dk\/da_dk\/#organization"},"potentialAction":[{"@type":"SearchAction","target":{"@type":"EntryPoint","urlTemplate":"https:\/\/sctp.dk\/da_dk\/?s={search_term_string}"},"query-input":{"@type":"PropertyValueSpecification","valueRequired":true,"valueName":"search_term_string"}}],"inLanguage":"da-DK"},{"@type":"Organization","@id":"https:\/\/sctp.dk\/da_dk\/#organization","name":"Scandinavian Concert&Tour Promotion","url":"https:\/\/sctp.dk\/da_dk\/","logo":{"@type":"ImageObject","inLanguage":"da-DK","@id":"https:\/\/sctp.dk\/da_dk\/#\/schema\/logo\/image\/","url":"https:\/\/sctp.dk\/wp-content\/uploads\/2021\/10\/Banner_1a.png","contentUrl":"https:\/\/sctp.dk\/wp-content\/uploads\/2021\/10\/Banner_1a.png","width":8963,"height":2433,"caption":"Scandinavian Concert&Tour Promotion"},"image":{"@id":"https:\/\/sctp.dk\/da_dk\/#\/schema\/logo\/image\/"},"sameAs":["https:\/\/www.facebook.com\/NissumEvent"]}]}},"_links":{"self":[{"href":"https:\/\/sctp.dk\/da_dk\/wp-json\/wp\/v2\/pages\/3563","targetHints":{"allow":["GET"]}}],"collection":[{"href":"https:\/\/sctp.dk\/da_dk\/wp-json\/wp\/v2\/pages"}],"about":[{"href":"https:\/\/sctp.dk\/da_dk\/wp-json\/wp\/v2\/types\/page"}],"author":[{"embeddable":true,"href":"https:\/\/sctp.dk\/da_dk\/wp-json\/wp\/v2\/users\/3"}],"replies":[{"embeddable":true,"href":"https:\/\/sctp.dk\/da_dk\/wp-json\/wp\/v2\/comments?post=3563"}],"version-history":[{"count":9,"href":"https:\/\/sctp.dk\/da_dk\/wp-json\/wp\/v2\/pages\/3563\/revisions"}],"predecessor-version":[{"id":3617,"href":"https:\/\/sctp.dk\/da_dk\/wp-json\/wp\/v2\/pages\/3563\/revisions\/3617"}],"wp:attachment":[{"href":"https:\/\/sctp.dk\/da_dk\/wp-json\/wp\/v2\/media?parent=3563"}],"curies":[{"name":"wp","href":"https:\/\/api.w.org\/{rel}","templated":true}]}}