{"id":3528,"date":"2024-02-18T16:48:20","date_gmt":"2024-02-18T15:48:20","guid":{"rendered":"https:\/\/sctp.dk\/?page_id=3528"},"modified":"2024-02-21T14:21:09","modified_gmt":"2024-02-21T13:21:09","slug":"robert-wells-grand-piano","status":"publish","type":"page","link":"https:\/\/sctp.dk\/da_dk\/robert-wells-grand-piano\/","title":{"rendered":"Robert Wells Grand Piano"},"content":{"rendered":"\n\n\t<section class=\"section has-parallax\" id=\"section_601593267\">\n\t\t<div class=\"section-bg fill\" data-parallax-container=\".section\" data-parallax-background data-parallax=\"-10\">\n\t\t\t<img loading=\"lazy\" decoding=\"async\" width=\"1024\" height=\"768\" src=\"https:\/\/sctp.dk\/wp-content\/uploads\/2021\/10\/Rainbow-Entertainment-KoncertOgEvent-booking-bg2-1024x768-1.png\" class=\"bg attachment- size-\" alt=\"\" \/>\t\t\t\t\t\t\n\t\t\t\n\n\t\t<\/div>\n\n\t\t\n\n\t\t<div class=\"section-content relative\">\n\t\t\t\n\n<div class=\"is-divider divider clearfix\" style=\"height:100px;\"><\/div>\n\n<div class=\"row\"  id=\"row-570872609\">\n\n\n\t<div id=\"col-1336090777\" class=\"col small-12 large-12\"  >\n\t\t\t\t<div class=\"col-inner box-shadow-3 text-shadow-2 dark\"  >\n\t\t\t\n\t\t\t\n\n<div class=\"nav-wrapper\"><ul class=\"nav nav-uppercase nav-horizontal nav-size-large nav-bold text-center nav-center\"><li class=><a href=\"https:\/\/sctp.dk\/da_dk\/artister\/rytmisk\/\">Rytmisk<\/a><\/li><li class=><a href=\"https:\/\/sctp.dk\/da_dk\/artister\/rock-blues\/\">Rock\/Blues<\/a><\/li><li class=><a href=\"https:\/\/sctp.dk\/da_dk\/artister\/country\/\">Country<\/a><\/li><li class=><a href=\"https:\/\/sctp.dk\/da_dk\/artister\/pop-disco\/\">Pop\/Disco<\/a><\/li><li class=><a href=\"https:\/\/sctp.dk\/da_dk\/artister\/jazz\/\">Jazz<\/a><\/li><li class=><a href=\"https:\/\/sctp.dk\/da_dk\/artister\/show\/\">Show<\/a><\/li><li class=><a href=\"https:\/\/sctp.dk\/da_dk\/artister\/klasisk\/\">Klasisk<\/a><\/li><li class=><a href=\"https:\/\/sctp.dk\/da_dk\/artister\/festival\/\">Festival<\/a><\/li><li class=><a href=\"https:\/\/sctp.dk\/da_dk\/artister\/andet\/\">Andet<\/a><\/li><\/ul><\/div>\n\n<div class=\"text-center\"><div class=\"is-divider divider clearfix\" style=\"margin-top:0.0em;margin-bottom:0.0em;max-width:1020px;height:2px;background-color:rgb(60, 179, 109);\"><\/div><\/div>\n\n<div class=\"row\"  id=\"row-1984266869\">\n\n\n\t<div id=\"col-1761363718\" class=\"col small-12 large-12\"  >\n\t\t\t\t<div class=\"col-inner text-shadow-3 dark\"  >\n\t\t\t\n\t\t\t\n\n\t<div id=\"text-1051015175\" class=\"text\">\n\t\t\n\n<h2>Robert Wells Grand Piano<\/h2>\n<p style=\"text-align: center;\">Velkommen til artistens\/bandets egen side, her vil der v\u00e6re mulighed for, at du kan l\u00e6se meget mere, se billeder og evt. videoer, af dem som du har vist interesse for! God forn\u00f8jelse!<\/p>\n\t\t\n<style>\n#text-1051015175 {\n  text-align: center;\n}\n<\/style>\n\t<\/div>\n\t\n\n\t\t<\/div>\n\t\t\t\t\n<style>\n#col-1761363718 > .col-inner {\n  padding: 10px 15px 0px 15px;\n}\n<\/style>\n\t<\/div>\n\n\t\n\n\t<div id=\"col-2090476921\" class=\"col small-12 large-12\"  >\n\t\t\t\t<div class=\"col-inner text-shadow-3 dark\"  >\n\t\t\t\n\t\t\t\n\n<div class=\"row\"  id=\"row-1976575020\">\n\n\n\t<div id=\"col-2096063867\" class=\"col medium-6 small-12 large-6\"  >\n\t\t\t\t<div class=\"col-inner\"  >\n\t\t\t\n\t\t\t\n\n\n  \n    <div id=\"gallery-568845611\" class=\" lightbox-multi-gallery slider slider-auto-height row-collapse slider-nav-reveal\" data-flickity-options='{&quot;imagesLoaded&quot;: true, &quot;dragThreshold&quot; : 5, &quot;cellAlign&quot;: &quot;left&quot;,&quot;wrapAround&quot;: true,&quot;prevNextButtons&quot;: true,&quot;percentPosition&quot;: true,&quot;pageDots&quot;: false, &quot;rightToLeft&quot;: false, &quot;autoPlay&quot; : false}'>\n\n  <div class=\"gallery-col col\" >\n          <div class=\"col-inner\">\n                        <div class=\"box has-hover gallery-box box-overlay dark\">\n              <div class=\"box-image image-glow image-cover\" style=\"border-radius:3%;padding-top:100%;\">\n                <img loading=\"lazy\" decoding=\"async\" width=\"397\" height=\"400\" src=\"https:\/\/sctp.dk\/wp-content\/uploads\/2024\/02\/Robert_1b-397x400.jpg\" class=\"attachment-medium size-medium\" alt=\"\" ids=\"3531\" lightbox=\"false\" type=\"slider-full\" image_height=\"100%\" image_radius=\"3\" image_hover=\"glow\" srcset=\"https:\/\/sctp.dk\/wp-content\/uploads\/2024\/02\/Robert_1b-397x400.jpg 397w, https:\/\/sctp.dk\/wp-content\/uploads\/2024\/02\/Robert_1b-794x800.jpg 794w, https:\/\/sctp.dk\/wp-content\/uploads\/2024\/02\/Robert_1b-768x773.jpg 768w, https:\/\/sctp.dk\/wp-content\/uploads\/2024\/02\/Robert_1b-12x12.jpg 12w, https:\/\/sctp.dk\/wp-content\/uploads\/2024\/02\/Robert_1b.jpg 848w\" sizes=\"auto, (max-width: 397px) 100vw, 397px\" \/>                                  <div class=\"overlay fill\"\n                      style=\"background-color: rgba(0,0,0,.15)\">\n                  <\/div>\n                                                              <\/div>\n              <div class=\"box-text text-left\" >\n                 <p><\/p>\n              <\/div>\n            <\/div>\n                      <\/div>\n         <\/div><\/div>\n\n\n\t\t<\/div>\n\t\t\t\t\n<style>\n#col-2096063867 > .col-inner {\n  padding: 0px 0px 0px 0px;\n  margin: 0px 0px 0px 0;\n}\n@media (min-width:550px) {\n  #col-2096063867 > .col-inner {\n    margin: 0px 0px 0px 15px;\n  }\n}\n<\/style>\n\t<\/div>\n\n\t\n\n\t<div id=\"col-458064139\" class=\"col medium-6 small-12 large-6\"  >\n\t\t\t\t<div class=\"col-inner\"  >\n\t\t\t\n\t\t\t\n\n\n  \n    <div class=\"row  lightbox-multi-gallery large-columns-1 medium-columns-3 small-columns- row-small\" >\n  <div class=\"gallery-col col\" data-animate=\"bounceIn\">\n          <div class=\"col-inner\">\n            <a class=\"\" href=\"https:\/\/sctp.dk\/wp-content\/uploads\/2024\/02\/Wells_SCTP_9-1400x621.jpg\" title=\"\">            <div class=\"box has-hover gallery-box box-overlay dark\">\n              <div class=\"box-image image-zoom box-shadow-4-hover\" style=\"border-radius:3%;\">\n                <img loading=\"lazy\" decoding=\"async\" width=\"800\" height=\"355\" src=\"https:\/\/sctp.dk\/wp-content\/uploads\/2024\/02\/Wells_SCTP_9-800x355.jpg\" class=\"attachment-medium size-medium\" alt=\"\" ids=\"3609\" col_spacing=\"small\" columns=\"1\" columns__md=\"3\" depth_hover=\"4\" animate=\"bounceIn\" image_radius=\"3\" image_hover=\"zoom\" srcset=\"https:\/\/sctp.dk\/wp-content\/uploads\/2024\/02\/Wells_SCTP_9-800x355.jpg 800w, https:\/\/sctp.dk\/wp-content\/uploads\/2024\/02\/Wells_SCTP_9-1400x621.jpg 1400w, https:\/\/sctp.dk\/wp-content\/uploads\/2024\/02\/Wells_SCTP_9-768x341.jpg 768w, https:\/\/sctp.dk\/wp-content\/uploads\/2024\/02\/Wells_SCTP_9-1536x681.jpg 1536w, https:\/\/sctp.dk\/wp-content\/uploads\/2024\/02\/Wells_SCTP_9-2048x908.jpg 2048w, https:\/\/sctp.dk\/wp-content\/uploads\/2024\/02\/Wells_SCTP_9-18x8.jpg 18w\" sizes=\"auto, (max-width: 800px) 100vw, 800px\" \/>                                  <div class=\"overlay fill\"\n                      style=\"background-color: rgba(0,0,0,.15)\">\n                  <\/div>\n                                                              <\/div>\n              <div class=\"box-text text-left\" >\n                 <p><\/p>\n              <\/div>\n            <\/div>\n            <\/a>          <\/div>\n         <\/div><\/div>\n\n\n\t\t<\/div>\n\t\t\t\t\n<style>\n#col-458064139 > .col-inner {\n  padding: 0px 0px 0px 0px;\n}\n@media (min-width:550px) {\n  #col-458064139 > .col-inner {\n    padding: 0px 15px 0px 0px;\n  }\n}\n<\/style>\n\t<\/div>\n\n\t\n\n<\/div>\n\n\t\t<\/div>\n\t\t\t\t\n<style>\n#col-2090476921 > .col-inner {\n  padding: 0px 0px 0px 0px;\n  margin: 0px 0px -50px 0px;\n}\n<\/style>\n\t<\/div>\n\n\t\n\n<\/div>\n<div class=\"accordion\">\n\n\t<div id=\"accordion-2868634866\" class=\"accordion-item\">\n\t\t<a id=\"accordion-2868634866-label\" class=\"accordion-title plain\" href=\"#accordion-item-biografi\" aria-expanded=\"false\" aria-controls=\"accordion-2868634866-content\">\n\t\t\t<button class=\"toggle\" aria-label=\"Sl\u00e5 til\/fra\"><i class=\"icon-angle-down\" aria-hidden=\"true\"><\/i><\/button>\n\t\t\t<span>Biografi<\/span>\n\t\t<\/a>\n\t\t<div id=\"accordion-2868634866-content\" class=\"accordion-inner\" aria-labelledby=\"accordion-2868634866-label\">\n\t\t\t\n\n\t<div id=\"text-732954062\" class=\"text\">\n\t\t\n\n<p><span data-contrast=\"auto\">ROBERT\u00a0 WELLS\u00a0<\/span><span data-ccp-props=\"{&quot;134245417&quot;:true}\">\u00a0<\/span><\/p>\n<p>Grand Piano<\/p>\n<p><span data-ccp-props=\"{&quot;134245417&quot;:true}\">\u00a0<\/span><span data-contrast=\"auto\">I 2024 rejser Robert Wells videre med flygelet rundt i Sverige og Finland. Turneen som begyndte i lille skala under pandemien har f\u00e5et st\u00e5ende ovationer og hylninger p\u00e5 rejsen.<\/span><span data-ccp-props=\"{&quot;134245417&quot;:true}\">\u00a0<\/span><\/p>\n<p><span data-contrast=\"auto\">Efter mere en\u00a0 30 \u00e5rs koncerter med Rhapsody in Rock, pladeudgivelser og samarbejde med over\u00a0 100 artister indbyder Robert Wells nu til en hel aften med flygel. Sammen med musikkens mestre, egne kompositioner fra den seneste plade <\/span><i><span data-contrast=\"auto\">Songs Without Words\u00a0<\/span><\/i><span data-contrast=\"auto\"> blandes aftenen med Boogie, improvisationer, anekdoter fra Rhapsody In Rock og TV S\u00e5 Ska Det L\u00e5ta med pianoet ved sin side<\/span><i><span data-contrast=\"auto\">.<\/span><\/i><span data-ccp-props=\"{&quot;134245417&quot;:true}\">\u00a0<\/span><\/p>\n<p><span data-ccp-props=\"{&quot;134245417&quot;:true}\">\u00a0<\/span><b><i><span data-contrast=\"none\">Nypremi\u00e4r v\u00e5ren 2024<\/span><\/i><\/b><span data-ccp-props=\"{&quot;134245417&quot;:true,&quot;134245418&quot;:true,&quot;335559738&quot;:200,&quot;335559739&quot;:120}\">\u00a0<\/span><\/p>\n<p><i><span data-contrast=\"auto\">\u00c5rets turn\u00e9 har bel\u00f6nades med 5 av 5 i betyg av\u202f<\/span><\/i><b><span data-contrast=\"auto\">pascen.se<\/span><\/b>\u00a0<br \/><i><span data-contrast=\"auto\">\u201dDet \u00e4r en gl\u00e4dje \u00f6ver att ha f\u00e5tt h\u00f6rt en pianist av v\u00e4rldsklass.\u201d<\/span><\/i>\u00a0<\/p>\n<p>\u2666 \u2666 \u2666 \u2666 \u2666<br \/>\u00a0<br \/><i><span data-contrast=\"auto\">och\u202f 4 av 5 av\u202f<\/span><\/i><b><span data-contrast=\"auto\">YA.<\/span><\/b>\u00a0<br \/><i><span data-contrast=\"auto\">\u201dDet h\u00e4r \u00e4r mer \u00e4n Rhapsody In Rock, det h\u00e4r \u00e4r en blick in i pianistens hj\u00e4rta.<\/span><\/i>\u00a0<br \/><i><span data-contrast=\"auto\">Han v\u00e4ljer att dela sin passion med oss i publiken och lyckas ocks\u00e5 sprida den vidare.\u201d<\/span><\/i><span data-ccp-props=\"{&quot;134245417&quot;:true,&quot;201341983&quot;:0,&quot;335559738&quot;:0,&quot;335559739&quot;:140,&quot;335559740&quot;:288}\">\u00a0<\/span><\/p>\n<p><i><span data-contrast=\"auto\">\u201dRobert Wells i h\u00f6gform.<\/span><\/i>\u00a0<br \/><i><span data-contrast=\"auto\">En h\u00e4rlig scenshow d\u00e4r musiken och det visuella sm\u00e4lter fint samman.<\/span><\/i>\u00a0<br \/><i><span data-contrast=\"auto\">Publiken f\u00e5r f\u00f6lja med p\u00e5 en musikalisk resa och f\u00e5r h\u00f6ra s\u00e5v\u00e4l klassiska p\u00e4rlor<\/span><\/i>\u00a0<br \/><i><span data-contrast=\"auto\">som medryckande Boogie Woogie och nyskapade verk.\u201d<\/span><\/i><span data-ccp-props=\"{&quot;134245417&quot;:true,&quot;201341983&quot;:0,&quot;335559738&quot;:0,&quot;335559739&quot;:140,&quot;335559740&quot;:288}\">\u00a0<\/span><\/p>\n<p><b><span data-contrast=\"auto\">Epoch Times<\/span><\/b><span data-ccp-props=\"{&quot;134245417&quot;:true,&quot;201341983&quot;:0,&quot;335559738&quot;:0,&quot;335559739&quot;:140,&quot;335559740&quot;:288}\">\u00a0<\/span><\/p>\n\t\t\n<style>\n#text-732954062 {\n  text-align: left;\n  color: rgb(255,255,255);\n}\n#text-732954062 > * {\n  color: rgb(255,255,255);\n}\n<\/style>\n\t<\/div>\n\t\n\n\t\t<\/div>\n\t<\/div>\n\t\n\t<div id=\"accordion-1701498161\" class=\"accordion-item\">\n\t\t<a id=\"accordion-1701498161-label\" class=\"accordion-title plain\" href=\"#accordion-item-diskografi\" aria-expanded=\"false\" aria-controls=\"accordion-1701498161-content\">\n\t\t\t<button class=\"toggle\" aria-label=\"Sl\u00e5 til\/fra\"><i class=\"icon-angle-down\" aria-hidden=\"true\"><\/i><\/button>\n\t\t\t<span>Diskografi<\/span>\n\t\t<\/a>\n\t\t<div id=\"accordion-1701498161-content\" class=\"accordion-inner\" aria-labelledby=\"accordion-1701498161-label\">\n\t\t\t\n\n<p>kommer her<\/p>\n\n\t\t<\/div>\n\t<\/div>\n\t\n\t<div id=\"accordion-1047242423\" class=\"accordion-item\">\n\t\t<a id=\"accordion-1047242423-label\" class=\"accordion-title plain\" href=\"#accordion-item-citater\" aria-expanded=\"false\" aria-controls=\"accordion-1047242423-content\">\n\t\t\t<button class=\"toggle\" aria-label=\"Sl\u00e5 til\/fra\"><i class=\"icon-angle-down\" aria-hidden=\"true\"><\/i><\/button>\n\t\t\t<span>Citater<\/span>\n\t\t<\/a>\n\t\t<div id=\"accordion-1047242423-content\" class=\"accordion-inner\" aria-labelledby=\"accordion-1047242423-label\">\n\t\t\t\n\n<p>kommer her<\/p>\n\n\t\t<\/div>\n\t<\/div>\n\t\n\t<div id=\"accordion-1060975376\" class=\"accordion-item\">\n\t\t<a id=\"accordion-1060975376-label\" class=\"accordion-title plain\" href=\"#accordion-item-projekt\" aria-expanded=\"false\" aria-controls=\"accordion-1060975376-content\">\n\t\t\t<button class=\"toggle\" aria-label=\"Sl\u00e5 til\/fra\"><i class=\"icon-angle-down\" aria-hidden=\"true\"><\/i><\/button>\n\t\t\t<span>Projekt<\/span>\n\t\t<\/a>\n\t\t<div id=\"accordion-1060975376-content\" class=\"accordion-inner\" aria-labelledby=\"accordion-1060975376-label\">\n\t\t\t\n\n<p>kommer her<\/p>\n\n\t\t<\/div>\n\t<\/div>\n\t\n\t<div id=\"accordion-2806481811\" class=\"accordion-item\">\n\t\t<a id=\"accordion-2806481811-label\" class=\"accordion-title plain\" href=\"#accordion-item-tour-datoer\" aria-expanded=\"false\" aria-controls=\"accordion-2806481811-content\">\n\t\t\t<button class=\"toggle\" aria-label=\"Sl\u00e5 til\/fra\"><i class=\"icon-angle-down\" aria-hidden=\"true\"><\/i><\/button>\n\t\t\t<span>Tour datoer<\/span>\n\t\t<\/a>\n\t\t<div id=\"accordion-2806481811-content\" class=\"accordion-inner\" aria-labelledby=\"accordion-2806481811-label\">\n\t\t\t\n\n<p>2023\/2024<\/p>\n\n\t\t<\/div>\n\t<\/div>\n\t\n\n<\/div>\n<div class=\"row row-small\"  id=\"row-1965865777\">\n\n\n\t<div id=\"col-2019253103\" class=\"col medium-4 small-12 large-4\"  >\n\t\t\t\t<div class=\"col-inner\"  >\n\t\t\t\n\t\t\t\n\n<div class=\"video video-fit mb\" style=\"padding-top:63%;\"><iframe loading=\"lazy\" title=\"Robert Wells Solo Promo\" width=\"1020\" height=\"574\" src=\"https:\/\/www.youtube.com\/embed\/ExPG7dPeXuc?feature=oembed\" frameborder=\"0\" allow=\"accelerometer; autoplay; clipboard-write; encrypted-media; gyroscope; picture-in-picture; web-share\" allowfullscreen><\/iframe><\/div>\n\n\n\t\t<\/div>\n\t\t\t\t\t<\/div>\n\n\t\n\n\n<style>\n#row-1965865777 > .col > .col-inner {\n  padding: 0px 15px 0px 15px;\n}\n<\/style>\n<\/div>\n\n\t\t<\/div>\n\t\t\t\t\n<style>\n#col-1336090777 > .col-inner {\n  border-radius: 3px;\n}\n<\/style>\n\t<\/div>\n\n\t\n\n\n<style>\n#row-570872609 > .col > .col-inner {\n  background-color: rgba(33, 46, 89, 0.576);\n}\n<\/style>\n<\/div>\n\n\t\t<\/div>\n\n\t\t\n<style>\n#section_601593267 {\n  padding-top: 30px;\n  padding-bottom: 30px;\n}\n#section_601593267 .section-bg img {\n  object-position: 50% 0%;\n}\n<\/style>\n\t<\/section>\n\t\n\n","protected":false},"excerpt":{"rendered":"","protected":false},"author":3,"featured_media":0,"parent":0,"menu_order":0,"comment_status":"closed","ping_status":"closed","template":"page-transparent-header-light.php","meta":{"footnotes":""},"class_list":["post-3528","page","type-page","status-publish","hentry"],"yoast_head":"<!-- This site is optimized with the Yoast SEO plugin v27.5 - https:\/\/yoast.com\/product\/yoast-seo-wordpress\/ -->\n<title>Robert Wells Grand Piano - Scandinavian Concert and Tour Promotion<\/title>\n<meta name=\"robots\" content=\"index, follow, max-snippet:-1, max-image-preview:large, max-video-preview:-1\" \/>\n<link rel=\"canonical\" href=\"https:\/\/sctp.dk\/da_dk\/robert-wells-grand-piano\/\" \/>\n<meta property=\"og:locale\" content=\"da_DK\" \/>\n<meta property=\"og:type\" content=\"article\" \/>\n<meta property=\"og:title\" content=\"Robert Wells Grand Piano - Scandinavian Concert and Tour Promotion\" \/>\n<meta property=\"og:url\" content=\"https:\/\/sctp.dk\/da_dk\/robert-wells-grand-piano\/\" \/>\n<meta property=\"og:site_name\" content=\"Scandinavian Concert and Tour Promotion\" \/>\n<meta property=\"article:publisher\" content=\"https:\/\/www.facebook.com\/NissumEvent\" \/>\n<meta property=\"article:modified_time\" content=\"2024-02-21T13:21:09+00:00\" \/>\n<meta name=\"twitter:card\" content=\"summary_large_image\" \/>\n<script type=\"application\/ld+json\" class=\"yoast-schema-graph\">{\"@context\":\"https:\\\/\\\/schema.org\",\"@graph\":[{\"@type\":\"WebPage\",\"@id\":\"https:\\\/\\\/sctp.dk\\\/robert-wells-grand-piano\\\/\",\"url\":\"https:\\\/\\\/sctp.dk\\\/robert-wells-grand-piano\\\/\",\"name\":\"Robert Wells Grand Piano - Scandinavian Concert and Tour Promotion\",\"isPartOf\":{\"@id\":\"https:\\\/\\\/sctp.dk\\\/da_dk\\\/#website\"},\"datePublished\":\"2024-02-18T15:48:20+00:00\",\"dateModified\":\"2024-02-21T13:21:09+00:00\",\"breadcrumb\":{\"@id\":\"https:\\\/\\\/sctp.dk\\\/robert-wells-grand-piano\\\/#breadcrumb\"},\"inLanguage\":\"da-DK\",\"potentialAction\":[{\"@type\":\"ReadAction\",\"target\":[\"https:\\\/\\\/sctp.dk\\\/robert-wells-grand-piano\\\/\"]}]},{\"@type\":\"BreadcrumbList\",\"@id\":\"https:\\\/\\\/sctp.dk\\\/robert-wells-grand-piano\\\/#breadcrumb\",\"itemListElement\":[{\"@type\":\"ListItem\",\"position\":1,\"name\":\"Hjem\",\"item\":\"https:\\\/\\\/sctp.dk\\\/\"},{\"@type\":\"ListItem\",\"position\":2,\"name\":\"Robert Wells Grand Piano\"}]},{\"@type\":\"WebSite\",\"@id\":\"https:\\\/\\\/sctp.dk\\\/da_dk\\\/#website\",\"url\":\"https:\\\/\\\/sctp.dk\\\/da_dk\\\/\",\"name\":\"Scandinavian Concert and Tour Promotion\",\"description\":\"Concert&amp;Tour Promotion \u2022 event\",\"publisher\":{\"@id\":\"https:\\\/\\\/sctp.dk\\\/da_dk\\\/#organization\"},\"potentialAction\":[{\"@type\":\"SearchAction\",\"target\":{\"@type\":\"EntryPoint\",\"urlTemplate\":\"https:\\\/\\\/sctp.dk\\\/da_dk\\\/?s={search_term_string}\"},\"query-input\":{\"@type\":\"PropertyValueSpecification\",\"valueRequired\":true,\"valueName\":\"search_term_string\"}}],\"inLanguage\":\"da-DK\"},{\"@type\":\"Organization\",\"@id\":\"https:\\\/\\\/sctp.dk\\\/da_dk\\\/#organization\",\"name\":\"Scandinavian Concert&Tour Promotion\",\"url\":\"https:\\\/\\\/sctp.dk\\\/da_dk\\\/\",\"logo\":{\"@type\":\"ImageObject\",\"inLanguage\":\"da-DK\",\"@id\":\"https:\\\/\\\/sctp.dk\\\/da_dk\\\/#\\\/schema\\\/logo\\\/image\\\/\",\"url\":\"https:\\\/\\\/sctp.dk\\\/wp-content\\\/uploads\\\/2021\\\/10\\\/Banner_1a.png\",\"contentUrl\":\"https:\\\/\\\/sctp.dk\\\/wp-content\\\/uploads\\\/2021\\\/10\\\/Banner_1a.png\",\"width\":8963,\"height\":2433,\"caption\":\"Scandinavian Concert&Tour Promotion\"},\"image\":{\"@id\":\"https:\\\/\\\/sctp.dk\\\/da_dk\\\/#\\\/schema\\\/logo\\\/image\\\/\"},\"sameAs\":[\"https:\\\/\\\/www.facebook.com\\\/NissumEvent\"]}]}<\/script>\n<!-- \/ Yoast SEO plugin. -->","yoast_head_json":{"title":"Robert Wells Grand Piano - Scandinavian Concert and Tour Promotion","robots":{"index":"index","follow":"follow","max-snippet":"max-snippet:-1","max-image-preview":"max-image-preview:large","max-video-preview":"max-video-preview:-1"},"canonical":"https:\/\/sctp.dk\/da_dk\/robert-wells-grand-piano\/","og_locale":"da_DK","og_type":"article","og_title":"Robert Wells Grand Piano - Scandinavian Concert and Tour Promotion","og_url":"https:\/\/sctp.dk\/da_dk\/robert-wells-grand-piano\/","og_site_name":"Scandinavian Concert and Tour Promotion","article_publisher":"https:\/\/www.facebook.com\/NissumEvent","article_modified_time":"2024-02-21T13:21:09+00:00","twitter_card":"summary_large_image","schema":{"@context":"https:\/\/schema.org","@graph":[{"@type":"WebPage","@id":"https:\/\/sctp.dk\/robert-wells-grand-piano\/","url":"https:\/\/sctp.dk\/robert-wells-grand-piano\/","name":"Robert Wells Grand Piano - Scandinavian Concert and Tour Promotion","isPartOf":{"@id":"https:\/\/sctp.dk\/da_dk\/#website"},"datePublished":"2024-02-18T15:48:20+00:00","dateModified":"2024-02-21T13:21:09+00:00","breadcrumb":{"@id":"https:\/\/sctp.dk\/robert-wells-grand-piano\/#breadcrumb"},"inLanguage":"da-DK","potentialAction":[{"@type":"ReadAction","target":["https:\/\/sctp.dk\/robert-wells-grand-piano\/"]}]},{"@type":"BreadcrumbList","@id":"https:\/\/sctp.dk\/robert-wells-grand-piano\/#breadcrumb","itemListElement":[{"@type":"ListItem","position":1,"name":"Hjem","item":"https:\/\/sctp.dk\/"},{"@type":"ListItem","position":2,"name":"Robert Wells Grand Piano"}]},{"@type":"WebSite","@id":"https:\/\/sctp.dk\/da_dk\/#website","url":"https:\/\/sctp.dk\/da_dk\/","name":"Scandinavian Concert and Tour Promotion","description":"Concert&amp;Tour Promotion \u2022 event","publisher":{"@id":"https:\/\/sctp.dk\/da_dk\/#organization"},"potentialAction":[{"@type":"SearchAction","target":{"@type":"EntryPoint","urlTemplate":"https:\/\/sctp.dk\/da_dk\/?s={search_term_string}"},"query-input":{"@type":"PropertyValueSpecification","valueRequired":true,"valueName":"search_term_string"}}],"inLanguage":"da-DK"},{"@type":"Organization","@id":"https:\/\/sctp.dk\/da_dk\/#organization","name":"Scandinavian Concert&Tour Promotion","url":"https:\/\/sctp.dk\/da_dk\/","logo":{"@type":"ImageObject","inLanguage":"da-DK","@id":"https:\/\/sctp.dk\/da_dk\/#\/schema\/logo\/image\/","url":"https:\/\/sctp.dk\/wp-content\/uploads\/2021\/10\/Banner_1a.png","contentUrl":"https:\/\/sctp.dk\/wp-content\/uploads\/2021\/10\/Banner_1a.png","width":8963,"height":2433,"caption":"Scandinavian Concert&Tour Promotion"},"image":{"@id":"https:\/\/sctp.dk\/da_dk\/#\/schema\/logo\/image\/"},"sameAs":["https:\/\/www.facebook.com\/NissumEvent"]}]}},"_links":{"self":[{"href":"https:\/\/sctp.dk\/da_dk\/wp-json\/wp\/v2\/pages\/3528","targetHints":{"allow":["GET"]}}],"collection":[{"href":"https:\/\/sctp.dk\/da_dk\/wp-json\/wp\/v2\/pages"}],"about":[{"href":"https:\/\/sctp.dk\/da_dk\/wp-json\/wp\/v2\/types\/page"}],"author":[{"embeddable":true,"href":"https:\/\/sctp.dk\/da_dk\/wp-json\/wp\/v2\/users\/3"}],"replies":[{"embeddable":true,"href":"https:\/\/sctp.dk\/da_dk\/wp-json\/wp\/v2\/comments?post=3528"}],"version-history":[{"count":13,"href":"https:\/\/sctp.dk\/da_dk\/wp-json\/wp\/v2\/pages\/3528\/revisions"}],"predecessor-version":[{"id":3614,"href":"https:\/\/sctp.dk\/da_dk\/wp-json\/wp\/v2\/pages\/3528\/revisions\/3614"}],"wp:attachment":[{"href":"https:\/\/sctp.dk\/da_dk\/wp-json\/wp\/v2\/media?parent=3528"}],"curies":[{"name":"wp","href":"https:\/\/api.w.org\/{rel}","templated":true}]}}