{"id":3194,"date":"2023-09-22T14:24:31","date_gmt":"2023-09-22T13:24:31","guid":{"rendered":"https:\/\/sctp.dk\/?page_id=3194"},"modified":"2024-06-15T16:25:50","modified_gmt":"2024-06-15T15:25:50","slug":"ernest-ray-everett","status":"publish","type":"page","link":"https:\/\/sctp.dk\/da_dk\/ernest-ray-everett\/","title":{"rendered":"Ernest Ray Everett"},"content":{"rendered":"\n\n\t<section class=\"section has-parallax\" id=\"section_204892873\">\n\t\t<div class=\"section-bg fill\" data-parallax-container=\".section\" data-parallax-background data-parallax=\"-10\">\n\t\t\t<img loading=\"lazy\" decoding=\"async\" width=\"1024\" height=\"768\" src=\"https:\/\/sctp.dk\/wp-content\/uploads\/2021\/10\/Rainbow-Entertainment-KoncertOgEvent-booking-bg2-1024x768-1.png\" class=\"bg attachment- size-\" alt=\"\" \/>\t\t\t\t\t\t\n\t\t\t\n\n\t\t<\/div>\n\n\t\t\n\n\t\t<div class=\"section-content relative\">\n\t\t\t\n\n<div class=\"is-divider divider clearfix\" style=\"height:100px;\"><\/div>\n\n<div class=\"row\"  id=\"row-1359523868\">\n\n\n\t<div id=\"col-530116391\" class=\"col small-12 large-12\"  >\n\t\t\t\t<div class=\"col-inner box-shadow-3 text-shadow-2 dark\"  >\n\t\t\t\n\t\t\t\n\n<div class=\"nav-wrapper\"><ul class=\"nav nav-uppercase nav-horizontal nav-size-large nav-bold text-center nav-center\"><li class=><a href=\"https:\/\/sctp.dk\/da_dk\/artister\/rytmisk\/\">Rytmisk<\/a><\/li><li class=><a href=\"https:\/\/sctp.dk\/da_dk\/artister\/rock-blues\/\">Rock\/Blues<\/a><\/li><li class=><a href=\"https:\/\/sctp.dk\/da_dk\/artister\/country\/\">Country<\/a><\/li><li class=><a href=\"https:\/\/sctp.dk\/da_dk\/artister\/pop-disco\/\">Pop\/Disco<\/a><\/li><li class=><a href=\"https:\/\/sctp.dk\/da_dk\/artister\/jazz\/\">Jazz<\/a><\/li><li class=><a href=\"https:\/\/sctp.dk\/da_dk\/artister\/show\/\">Show<\/a><\/li><li class=><a href=\"https:\/\/sctp.dk\/da_dk\/artister\/klasisk\/\">Klasisk<\/a><\/li><li class=><a href=\"https:\/\/sctp.dk\/da_dk\/artister\/festival\/\">Festival<\/a><\/li><li class=><a href=\"https:\/\/sctp.dk\/da_dk\/artister\/andet\/\">Andet<\/a><\/li><\/ul><\/div>\n\n<div class=\"text-center\"><div class=\"is-divider divider clearfix\" style=\"margin-top:0.0em;margin-bottom:0.0em;max-width:1020px;height:2px;background-color:rgb(60, 179, 109);\"><\/div><\/div>\n\n<div class=\"row\"  id=\"row-1740994081\">\n\n\n\t<div id=\"col-1402789298\" class=\"col small-12 large-12\"  >\n\t\t\t\t<div class=\"col-inner text-shadow-3 dark\"  >\n\t\t\t\n\t\t\t\n\n\t<div id=\"text-3763832476\" class=\"text\">\n\t\t\n\n<h2>ERNEST RAY EVERETT &amp; Stars n\u2019 Bars<\/h2>\n<p style=\"text-align: center;\">Velkommen til artistens\/bandets egen side, her vil der v\u00e6re mulighed for, at du kan l\u00e6se meget mere, se billeder og evt. videoer, af dem som du har vist interesse for! God forn\u00f8jelse!<\/p>\n\t\t\n<style>\n#text-3763832476 {\n  text-align: center;\n}\n<\/style>\n\t<\/div>\n\t\n\n\t\t<\/div>\n\t\t\t\t\n<style>\n#col-1402789298 > .col-inner {\n  padding: 10px 15px 0px 15px;\n}\n<\/style>\n\t<\/div>\n\n\t\n\n\t<div id=\"col-1579024600\" class=\"col small-12 large-12\"  >\n\t\t\t\t<div class=\"col-inner text-shadow-3 dark\"  >\n\t\t\t\n\t\t\t\n\n<div class=\"row\"  id=\"row-144302314\">\n\n\n\t<div id=\"col-1712910050\" class=\"col medium-6 small-12 large-6\"  >\n\t\t\t\t<div class=\"col-inner\"  >\n\t\t\t\n\t\t\t\n\n\n  \n    <div id=\"gallery-228968998\" class=\" lightbox-multi-gallery slider slider-auto-height row-collapse slider-nav-reveal\" data-flickity-options='{&quot;imagesLoaded&quot;: true, &quot;dragThreshold&quot; : 5, &quot;cellAlign&quot;: &quot;left&quot;,&quot;wrapAround&quot;: true,&quot;prevNextButtons&quot;: true,&quot;percentPosition&quot;: true,&quot;pageDots&quot;: false, &quot;rightToLeft&quot;: false, &quot;autoPlay&quot; : false}'>\n\n  <div class=\"gallery-col col\" >\n          <div class=\"col-inner\">\n                        <div class=\"box has-hover gallery-box box-overlay dark\">\n              <div class=\"box-image image-glow image-cover\" style=\"border-radius:3%;padding-top:100%;\">\n                <img loading=\"lazy\" decoding=\"async\" width=\"400\" height=\"400\" src=\"https:\/\/sctp.dk\/wp-content\/uploads\/2023\/09\/Ernest1500-400x400.jpg\" class=\"attachment-medium size-medium\" alt=\"\" ids=\"3196\" lightbox=\"false\" type=\"slider-full\" image_height=\"100%\" image_radius=\"3\" image_hover=\"glow\" srcset=\"https:\/\/sctp.dk\/wp-content\/uploads\/2023\/09\/Ernest1500-400x400.jpg 400w, https:\/\/sctp.dk\/wp-content\/uploads\/2023\/09\/Ernest1500-800x800.jpg 800w, https:\/\/sctp.dk\/wp-content\/uploads\/2023\/09\/Ernest1500-280x280.jpg 280w, https:\/\/sctp.dk\/wp-content\/uploads\/2023\/09\/Ernest1500-768x768.jpg 768w, https:\/\/sctp.dk\/wp-content\/uploads\/2023\/09\/Ernest1500-12x12.jpg 12w, https:\/\/sctp.dk\/wp-content\/uploads\/2023\/09\/Ernest1500.jpg 1246w\" sizes=\"auto, (max-width: 400px) 100vw, 400px\" \/>                                  <div class=\"overlay fill\"\n                      style=\"background-color: rgba(0,0,0,.15)\">\n                  <\/div>\n                                                              <\/div>\n              <div class=\"box-text text-left\" >\n                 <p><\/p>\n              <\/div>\n            <\/div>\n                      <\/div>\n         <\/div><\/div>\n\n\n\t\t<\/div>\n\t\t\t\t\n<style>\n#col-1712910050 > .col-inner {\n  padding: 0px 0px 0px 0px;\n  margin: 0px 0px 0px 0;\n}\n@media (min-width:550px) {\n  #col-1712910050 > .col-inner {\n    margin: 0px 0px 0px 15px;\n  }\n}\n<\/style>\n\t<\/div>\n\n\t\n\n\t<div id=\"col-1768829931\" class=\"col medium-6 small-12 large-6\"  >\n\t\t\t\t<div class=\"col-inner\"  >\n\t\t\t\n\t\t\t\n\n\n  \n    <div class=\"row  lightbox-multi-gallery hidden large-columns-1 medium-columns-3 small-columns- row-small\" >\n  <div class=\"gallery-col col\" data-animate=\"bounceIn\">\n          <div class=\"col-inner\">\n            <a class=\"\" href=\"https:\/\/sctp.dk\/wp-content\/uploads\/2023\/09\/Plakat_1_skaerm_5a_1920_10801495-1400x788.jpg\" title=\"\">            <div class=\"box has-hover gallery-box box-overlay dark\">\n              <div class=\"box-image image-zoom box-shadow-4-hover\" style=\"border-radius:3%;\">\n                <img loading=\"lazy\" decoding=\"async\" width=\"711\" height=\"400\" src=\"https:\/\/sctp.dk\/wp-content\/uploads\/2023\/09\/Plakat_1_skaerm_5a_1920_10801495-711x400.jpg\" class=\"attachment-medium size-medium\" alt=\"ven\u00f8 jazz\" ids=\"3149\" col_spacing=\"small\" columns=\"1\" columns__md=\"3\" depth_hover=\"4\" animate=\"bounceIn\" image_radius=\"3\" image_hover=\"zoom\" visibility=\"hidden\" srcset=\"https:\/\/sctp.dk\/wp-content\/uploads\/2023\/09\/Plakat_1_skaerm_5a_1920_10801495-711x400.jpg 711w, https:\/\/sctp.dk\/wp-content\/uploads\/2023\/09\/Plakat_1_skaerm_5a_1920_10801495-1400x788.jpg 1400w, https:\/\/sctp.dk\/wp-content\/uploads\/2023\/09\/Plakat_1_skaerm_5a_1920_10801495-768x432.jpg 768w, https:\/\/sctp.dk\/wp-content\/uploads\/2023\/09\/Plakat_1_skaerm_5a_1920_10801495-1536x864.jpg 1536w, https:\/\/sctp.dk\/wp-content\/uploads\/2023\/09\/Plakat_1_skaerm_5a_1920_10801495-18x10.jpg 18w, https:\/\/sctp.dk\/wp-content\/uploads\/2023\/09\/Plakat_1_skaerm_5a_1920_10801495.jpg 1920w\" sizes=\"auto, (max-width: 711px) 100vw, 711px\" \/>                                  <div class=\"overlay fill\"\n                      style=\"background-color: rgba(0,0,0,.15)\">\n                  <\/div>\n                                                              <\/div>\n              <div class=\"box-text text-left\" >\n                 <p><\/p>\n              <\/div>\n            <\/div>\n            <\/a>          <\/div>\n         <\/div><\/div>\n\n\n\t\t<\/div>\n\t\t\t\t\n<style>\n#col-1768829931 > .col-inner {\n  padding: 0px 0px 0px 0px;\n}\n@media (min-width:550px) {\n  #col-1768829931 > .col-inner {\n    padding: 0px 15px 0px 0px;\n  }\n}\n<\/style>\n\t<\/div>\n\n\t\n\n<\/div>\n\n\t\t<\/div>\n\t\t\t\t\n<style>\n#col-1579024600 > .col-inner {\n  padding: 0px 0px 0px 0px;\n  margin: 0px 0px -50px 0px;\n}\n<\/style>\n\t<\/div>\n\n\t\n\n<\/div>\n<div class=\"row row-small\"  id=\"row-1891253197\">\n\n\n\t<div id=\"col-206845307\" class=\"col medium-4 small-12 large-4\"  >\n\t\t\t\t<div class=\"col-inner\"  >\n\t\t\t\n\t\t\t\n\n<div class=\"video video-fit mb\" style=\"padding-top:63%;\"><iframe loading=\"lazy\" title=\"Love to you from hell Ernest Ray Everett.wmv\" width=\"1020\" height=\"574\" src=\"https:\/\/www.youtube.com\/embed\/T1ZiTFAas6w?feature=oembed\" frameborder=\"0\" allow=\"accelerometer; autoplay; clipboard-write; encrypted-media; gyroscope; picture-in-picture; web-share\" allowfullscreen><\/iframe><\/div>\n\n\n\t\t<\/div>\n\t\t\t\t\t<\/div>\n\n\t\n\n\t<div id=\"col-1405382146\" class=\"col medium-4 small-12 large-4\"  >\n\t\t\t\t<div class=\"col-inner\"  >\n\t\t\t\n\t\t\t\n\n<div class=\"video video-fit mb\" style=\"padding-top:56.25%;\"><p><iframe loading=\"lazy\" title=\"If You Don\u00b4t Like Country 2009\" width=\"1020\" height=\"765\" src=\"https:\/\/www.youtube.com\/embed\/Jsna9v9ifKY?feature=oembed\" frameborder=\"0\" allow=\"accelerometer; autoplay; clipboard-write; encrypted-media; gyroscope; picture-in-picture; web-share\" allowfullscreen><\/iframe><\/p>\n<\/div>\n\n\n\t\t<\/div>\n\t\t\t\t\t<\/div>\n\n\t\n\n\t<div id=\"col-1633286994\" class=\"col medium-4 small-12 large-4\"  >\n\t\t\t\t<div class=\"col-inner\"  >\n\t\t\t\n\t\t\t\n\n<div class=\"video video-fit mb\" style=\"padding-top:56.25%;\"><p><iframe loading=\"lazy\" title=\"ERNEST RAY EVERETT - &quot;Me And Jacky&quot;\" width=\"1020\" height=\"574\" src=\"https:\/\/www.youtube.com\/embed\/oM9jmY7bpco?feature=oembed\" frameborder=\"0\" allow=\"accelerometer; autoplay; clipboard-write; encrypted-media; gyroscope; picture-in-picture; web-share\" allowfullscreen><\/iframe><\/p>\n<\/div>\n\n\n\t\t<\/div>\n\t\t\t\t\t<\/div>\n\n\t\n\n\n<style>\n#row-1891253197 > .col > .col-inner {\n  padding: 0px 15px 0px 15px;\n}\n<\/style>\n<\/div>\n<div class=\"accordion\">\n\n\t<div id=\"accordion-1810867142\" class=\"accordion-item\">\n\t\t<a id=\"accordion-1810867142-label\" class=\"accordion-title plain\" href=\"#accordion-item-biografi\" aria-expanded=\"false\" aria-controls=\"accordion-1810867142-content\">\n\t\t\t<button class=\"toggle\" aria-label=\"Sl\u00e5 til\/fra\"><i class=\"icon-angle-down\" aria-hidden=\"true\"><\/i><\/button>\n\t\t\t<span>Biografi<\/span>\n\t\t<\/a>\n\t\t<div id=\"accordion-1810867142-content\" class=\"accordion-inner\" aria-labelledby=\"accordion-1810867142-label\">\n\t\t\t\n\n\t<div id=\"text-2150052357\" class=\"text\">\n\t\t\n\n<p id=\"tw-target-text\" class=\"tw-data-text tw-text-large tw-ta\" dir=\"ltr\" data-placeholder=\"Overs\u00e6ttelse\"><span class=\"Y2IQFc\" lang=\"da\">ERNEST RAY EVERETT &amp; Stars n\u2019 Bars Ernest Ray Everett er en amerikansk sanger, sangskriver fra Brandon, Mississippi.<\/span><\/p>\n<p class=\"tw-data-text tw-text-large tw-ta\" dir=\"ltr\" data-placeholder=\"Overs\u00e6ttelse\"><span class=\"Y2IQFc\" lang=\"da\">Fra en tidlig alder har han opf\u00f8rt en bred vifte af stilarter inden for amerikansk musik, lige fra Gospel, Blues, Soul og Rock til hans sande kald, traditionel og moderne countrymusik.<\/span><\/p>\n<p class=\"tw-data-text tw-text-large tw-ta\" dir=\"ltr\" data-placeholder=\"Overs\u00e6ttelse\"><span class=\"Y2IQFc\" lang=\"da\">Velsignet med en varm og rig stemme har han fascineret publikum i hele USA og mange europ\u00e6iske lande.<\/span><\/p>\n<p class=\"tw-data-text tw-text-large tw-ta\" dir=\"ltr\" data-placeholder=\"Overs\u00e6ttelse\"><span class=\"Y2IQFc\" lang=\"da\">Nogle af hans originale sange er blevet \u00f8jeblikkelige klassikere for beundrere af \u00e6gte Honky Tonk Sound.<\/span><\/p>\n<p class=\"tw-data-text tw-text-large tw-ta\" dir=\"ltr\" data-placeholder=\"Overs\u00e6ttelse\"><span class=\"Y2IQFc\" lang=\"da\"> Is\u00e6r &#8220;Mig og Jacky&#8221;, en t\u00e5retr\u00e6kker med tungen p\u00e5 kinden om en bestemt drik \/ tidligere elsker (eller sandsynligvis begge dele) er en konstant favorit blandt de sene aftenfester og gr\u00e6der i dine \u00f8lskarer, der strejfer rundt p\u00e5 cowboybarerne og vandhuller i alt det lave steder.<\/span><\/p>\n<p class=\"tw-data-text tw-text-large tw-ta\" dir=\"ltr\" data-placeholder=\"Overs\u00e6ttelse\"><span class=\"Y2IQFc\" lang=\"da\">Stars n&#8217; Bars vil komplimentere Ernests show med deres eget m\u00e6rke &#8220;Redneck Rock n&#8217; Roll&#8221;. Bandet har bakket op om mange forskellige turnerende kunstnere i l\u00f8bet af de sidste 30 \u00e5r, inklusive den afd\u00f8de og store Daryle Singletary, Wade Hayes og Paul Overstreet.<\/span><\/p>\n<p class=\"tw-data-text tw-text-large tw-ta\" dir=\"ltr\" data-placeholder=\"Overs\u00e6ttelse\"><span class=\"Y2IQFc\" lang=\"da\">Tro mod deres motto &#8220;If it ain&#8217;t got that twang it don&#8217;t bety a thang&#8221; leverer de hardcore country med en kant og giver C&amp;W-fans den hjemlige f\u00f8lelse. Ernest Ray Everett \u2013 tidligere spillet med: Land:<\/span><\/p>\n<p><br \/>\u00a0<br \/>Victoria Shaw<br \/>Mark Chesnutt<br \/>Lonestar<br \/>Rednex<br \/>Paul Overstreet<br \/>Asleep at the Wheel<br \/>Brent Mason<br \/>Albert Lee<br \/>Jill Morris<br \/>Chely Wright<br \/>Flying Burritos<br \/>Faith Hill<br \/>Linda Davis<br \/>Allison Moore<br \/>B J Thomas<br \/>_________________ <br \/>Rock:<\/p>\n<p>The Sweet<br \/>Golden Earring<br \/>Bon Jovi<br \/>John Davis (Milli Vanilli)<br \/>Ian Gillan (Deep Purple)<br \/>Turbo Red<br \/>___________________<\/p>\n<p>Gospel:<br \/>The Inspirations<br \/>The Florida Boys<br \/>Jeffery Steele<br \/>Amy Grant<br \/>___________________<br \/>Ex-Bands:<\/p>\n<p>The Singing Deciples (Southern-Gospel)<br \/>The Steele Family (Contemporary-Gospel)<br \/>The Lazy River Band (Country\/Southern-Rock)<br \/>Masque (funk-rock)<br \/>Rakkytt (Mainstream-rock)<br \/>Double Trouble (blues-rock)<br \/>Spellbound (Mainstream-rock)<br \/>Silverwood (Country)<br \/>Cripple Creek Band (Country-Rock)<br \/>Ernest Ray Everett &amp; Band (All genres)<\/p>\n\t\t\n<style>\n#text-2150052357 {\n  text-align: left;\n  color: rgb(255,255,255);\n}\n#text-2150052357 > * {\n  color: rgb(255,255,255);\n}\n<\/style>\n\t<\/div>\n\t\n\n\t\t<\/div>\n\t<\/div>\n\t\n\t<div id=\"accordion-2565504731\" class=\"accordion-item\">\n\t\t<a id=\"accordion-2565504731-label\" class=\"accordion-title plain\" href=\"#accordion-item-diskografi\" aria-expanded=\"false\" aria-controls=\"accordion-2565504731-content\">\n\t\t\t<button class=\"toggle\" aria-label=\"Sl\u00e5 til\/fra\"><i class=\"icon-angle-down\" aria-hidden=\"true\"><\/i><\/button>\n\t\t\t<span>Diskografi<\/span>\n\t\t<\/a>\n\t\t<div id=\"accordion-2565504731-content\" class=\"accordion-inner\" aria-labelledby=\"accordion-2565504731-label\">\n\t\t\t\n\n<p>kommer her<\/p>\n\n\t\t<\/div>\n\t<\/div>\n\t\n\t<div id=\"accordion-1523049003\" class=\"accordion-item\">\n\t\t<a id=\"accordion-1523049003-label\" class=\"accordion-title plain\" href=\"#accordion-item-citater\" aria-expanded=\"false\" aria-controls=\"accordion-1523049003-content\">\n\t\t\t<button class=\"toggle\" aria-label=\"Sl\u00e5 til\/fra\"><i class=\"icon-angle-down\" aria-hidden=\"true\"><\/i><\/button>\n\t\t\t<span>Citater<\/span>\n\t\t<\/a>\n\t\t<div id=\"accordion-1523049003-content\" class=\"accordion-inner\" aria-labelledby=\"accordion-1523049003-label\">\n\t\t\t\n\n<p>kommer her<\/p>\n\n\t\t<\/div>\n\t<\/div>\n\t\n\t<div id=\"accordion-2839319300\" class=\"accordion-item\">\n\t\t<a id=\"accordion-2839319300-label\" class=\"accordion-title plain\" href=\"#accordion-item-projekt\" aria-expanded=\"false\" aria-controls=\"accordion-2839319300-content\">\n\t\t\t<button class=\"toggle\" aria-label=\"Sl\u00e5 til\/fra\"><i class=\"icon-angle-down\" aria-hidden=\"true\"><\/i><\/button>\n\t\t\t<span>Projekt<\/span>\n\t\t<\/a>\n\t\t<div id=\"accordion-2839319300-content\" class=\"accordion-inner\" aria-labelledby=\"accordion-2839319300-label\">\n\t\t\t\n\n<p>kommer her<\/p>\n\n\t\t<\/div>\n\t<\/div>\n\t\n\t<div id=\"accordion-3617047400\" class=\"accordion-item\">\n\t\t<a id=\"accordion-3617047400-label\" class=\"accordion-title plain\" href=\"#accordion-item-tour-datoer\" aria-expanded=\"false\" aria-controls=\"accordion-3617047400-content\">\n\t\t\t<button class=\"toggle\" aria-label=\"Sl\u00e5 til\/fra\"><i class=\"icon-angle-down\" aria-hidden=\"true\"><\/i><\/button>\n\t\t\t<span>Tour datoer<\/span>\n\t\t<\/a>\n\t\t<div id=\"accordion-3617047400-content\" class=\"accordion-inner\" aria-labelledby=\"accordion-3617047400-label\">\n\t\t\t\n\n<p>2022\/2023<\/p>\n\n\t\t<\/div>\n\t<\/div>\n\t\n\n<\/div>\n\n\t\t<\/div>\n\t\t\t\t\n<style>\n#col-530116391 > .col-inner {\n  border-radius: 3px;\n}\n<\/style>\n\t<\/div>\n\n\t\n\n\n<style>\n#row-1359523868 > .col > .col-inner {\n  background-color: rgba(33, 46, 89, 0.576);\n}\n<\/style>\n<\/div>\n\n\t\t<\/div>\n\n\t\t\n<style>\n#section_204892873 {\n  padding-top: 30px;\n  padding-bottom: 30px;\n}\n#section_204892873 .section-bg img {\n  object-position: 50% 0%;\n}\n<\/style>\n\t<\/section>\n\t\n\n","protected":false},"excerpt":{"rendered":"","protected":false},"author":3,"featured_media":0,"parent":0,"menu_order":0,"comment_status":"closed","ping_status":"closed","template":"page-transparent-header-light.php","meta":{"footnotes":""},"class_list":["post-3194","page","type-page","status-publish","hentry"],"yoast_head":"<!-- This site is optimized with the Yoast SEO plugin v27.5 - https:\/\/yoast.com\/product\/yoast-seo-wordpress\/ -->\n<title>Ernest Ray Everett - Scandinavian Concert and Tour Promotion<\/title>\n<meta name=\"robots\" content=\"index, follow, max-snippet:-1, max-image-preview:large, max-video-preview:-1\" \/>\n<link rel=\"canonical\" href=\"https:\/\/sctp.dk\/da_dk\/ernest-ray-everett\/\" \/>\n<meta property=\"og:locale\" content=\"da_DK\" \/>\n<meta property=\"og:type\" content=\"article\" \/>\n<meta property=\"og:title\" content=\"Ernest Ray Everett - Scandinavian Concert and Tour Promotion\" \/>\n<meta property=\"og:url\" content=\"https:\/\/sctp.dk\/da_dk\/ernest-ray-everett\/\" \/>\n<meta property=\"og:site_name\" content=\"Scandinavian Concert and Tour Promotion\" \/>\n<meta property=\"article:publisher\" content=\"https:\/\/www.facebook.com\/NissumEvent\" \/>\n<meta property=\"article:modified_time\" content=\"2024-06-15T15:25:50+00:00\" \/>\n<meta name=\"twitter:card\" content=\"summary_large_image\" \/>\n<script type=\"application\/ld+json\" class=\"yoast-schema-graph\">{\"@context\":\"https:\\\/\\\/schema.org\",\"@graph\":[{\"@type\":\"WebPage\",\"@id\":\"https:\\\/\\\/sctp.dk\\\/ernest-ray-everett\\\/\",\"url\":\"https:\\\/\\\/sctp.dk\\\/ernest-ray-everett\\\/\",\"name\":\"Ernest Ray Everett - Scandinavian Concert and Tour Promotion\",\"isPartOf\":{\"@id\":\"https:\\\/\\\/sctp.dk\\\/da_dk\\\/#website\"},\"datePublished\":\"2023-09-22T13:24:31+00:00\",\"dateModified\":\"2024-06-15T15:25:50+00:00\",\"breadcrumb\":{\"@id\":\"https:\\\/\\\/sctp.dk\\\/ernest-ray-everett\\\/#breadcrumb\"},\"inLanguage\":\"da-DK\",\"potentialAction\":[{\"@type\":\"ReadAction\",\"target\":[\"https:\\\/\\\/sctp.dk\\\/ernest-ray-everett\\\/\"]}]},{\"@type\":\"BreadcrumbList\",\"@id\":\"https:\\\/\\\/sctp.dk\\\/ernest-ray-everett\\\/#breadcrumb\",\"itemListElement\":[{\"@type\":\"ListItem\",\"position\":1,\"name\":\"Hjem\",\"item\":\"https:\\\/\\\/sctp.dk\\\/\"},{\"@type\":\"ListItem\",\"position\":2,\"name\":\"Ernest Ray Everett\"}]},{\"@type\":\"WebSite\",\"@id\":\"https:\\\/\\\/sctp.dk\\\/da_dk\\\/#website\",\"url\":\"https:\\\/\\\/sctp.dk\\\/da_dk\\\/\",\"name\":\"Scandinavian Concert and Tour Promotion\",\"description\":\"Concert&amp;Tour Promotion \u2022 event\",\"publisher\":{\"@id\":\"https:\\\/\\\/sctp.dk\\\/da_dk\\\/#organization\"},\"potentialAction\":[{\"@type\":\"SearchAction\",\"target\":{\"@type\":\"EntryPoint\",\"urlTemplate\":\"https:\\\/\\\/sctp.dk\\\/da_dk\\\/?s={search_term_string}\"},\"query-input\":{\"@type\":\"PropertyValueSpecification\",\"valueRequired\":true,\"valueName\":\"search_term_string\"}}],\"inLanguage\":\"da-DK\"},{\"@type\":\"Organization\",\"@id\":\"https:\\\/\\\/sctp.dk\\\/da_dk\\\/#organization\",\"name\":\"Scandinavian Concert&Tour Promotion\",\"url\":\"https:\\\/\\\/sctp.dk\\\/da_dk\\\/\",\"logo\":{\"@type\":\"ImageObject\",\"inLanguage\":\"da-DK\",\"@id\":\"https:\\\/\\\/sctp.dk\\\/da_dk\\\/#\\\/schema\\\/logo\\\/image\\\/\",\"url\":\"https:\\\/\\\/sctp.dk\\\/wp-content\\\/uploads\\\/2021\\\/10\\\/Banner_1a.png\",\"contentUrl\":\"https:\\\/\\\/sctp.dk\\\/wp-content\\\/uploads\\\/2021\\\/10\\\/Banner_1a.png\",\"width\":8963,\"height\":2433,\"caption\":\"Scandinavian Concert&Tour Promotion\"},\"image\":{\"@id\":\"https:\\\/\\\/sctp.dk\\\/da_dk\\\/#\\\/schema\\\/logo\\\/image\\\/\"},\"sameAs\":[\"https:\\\/\\\/www.facebook.com\\\/NissumEvent\"]}]}<\/script>\n<!-- \/ Yoast SEO plugin. -->","yoast_head_json":{"title":"Ernest Ray Everett - Scandinavian Concert and Tour Promotion","robots":{"index":"index","follow":"follow","max-snippet":"max-snippet:-1","max-image-preview":"max-image-preview:large","max-video-preview":"max-video-preview:-1"},"canonical":"https:\/\/sctp.dk\/da_dk\/ernest-ray-everett\/","og_locale":"da_DK","og_type":"article","og_title":"Ernest Ray Everett - Scandinavian Concert and Tour Promotion","og_url":"https:\/\/sctp.dk\/da_dk\/ernest-ray-everett\/","og_site_name":"Scandinavian Concert and Tour Promotion","article_publisher":"https:\/\/www.facebook.com\/NissumEvent","article_modified_time":"2024-06-15T15:25:50+00:00","twitter_card":"summary_large_image","schema":{"@context":"https:\/\/schema.org","@graph":[{"@type":"WebPage","@id":"https:\/\/sctp.dk\/ernest-ray-everett\/","url":"https:\/\/sctp.dk\/ernest-ray-everett\/","name":"Ernest Ray Everett - Scandinavian Concert and Tour Promotion","isPartOf":{"@id":"https:\/\/sctp.dk\/da_dk\/#website"},"datePublished":"2023-09-22T13:24:31+00:00","dateModified":"2024-06-15T15:25:50+00:00","breadcrumb":{"@id":"https:\/\/sctp.dk\/ernest-ray-everett\/#breadcrumb"},"inLanguage":"da-DK","potentialAction":[{"@type":"ReadAction","target":["https:\/\/sctp.dk\/ernest-ray-everett\/"]}]},{"@type":"BreadcrumbList","@id":"https:\/\/sctp.dk\/ernest-ray-everett\/#breadcrumb","itemListElement":[{"@type":"ListItem","position":1,"name":"Hjem","item":"https:\/\/sctp.dk\/"},{"@type":"ListItem","position":2,"name":"Ernest Ray Everett"}]},{"@type":"WebSite","@id":"https:\/\/sctp.dk\/da_dk\/#website","url":"https:\/\/sctp.dk\/da_dk\/","name":"Scandinavian Concert and Tour Promotion","description":"Concert&amp;Tour Promotion \u2022 event","publisher":{"@id":"https:\/\/sctp.dk\/da_dk\/#organization"},"potentialAction":[{"@type":"SearchAction","target":{"@type":"EntryPoint","urlTemplate":"https:\/\/sctp.dk\/da_dk\/?s={search_term_string}"},"query-input":{"@type":"PropertyValueSpecification","valueRequired":true,"valueName":"search_term_string"}}],"inLanguage":"da-DK"},{"@type":"Organization","@id":"https:\/\/sctp.dk\/da_dk\/#organization","name":"Scandinavian Concert&Tour Promotion","url":"https:\/\/sctp.dk\/da_dk\/","logo":{"@type":"ImageObject","inLanguage":"da-DK","@id":"https:\/\/sctp.dk\/da_dk\/#\/schema\/logo\/image\/","url":"https:\/\/sctp.dk\/wp-content\/uploads\/2021\/10\/Banner_1a.png","contentUrl":"https:\/\/sctp.dk\/wp-content\/uploads\/2021\/10\/Banner_1a.png","width":8963,"height":2433,"caption":"Scandinavian Concert&Tour Promotion"},"image":{"@id":"https:\/\/sctp.dk\/da_dk\/#\/schema\/logo\/image\/"},"sameAs":["https:\/\/www.facebook.com\/NissumEvent"]}]}},"_links":{"self":[{"href":"https:\/\/sctp.dk\/da_dk\/wp-json\/wp\/v2\/pages\/3194","targetHints":{"allow":["GET"]}}],"collection":[{"href":"https:\/\/sctp.dk\/da_dk\/wp-json\/wp\/v2\/pages"}],"about":[{"href":"https:\/\/sctp.dk\/da_dk\/wp-json\/wp\/v2\/types\/page"}],"author":[{"embeddable":true,"href":"https:\/\/sctp.dk\/da_dk\/wp-json\/wp\/v2\/users\/3"}],"replies":[{"embeddable":true,"href":"https:\/\/sctp.dk\/da_dk\/wp-json\/wp\/v2\/comments?post=3194"}],"version-history":[{"count":11,"href":"https:\/\/sctp.dk\/da_dk\/wp-json\/wp\/v2\/pages\/3194\/revisions"}],"predecessor-version":[{"id":3719,"href":"https:\/\/sctp.dk\/da_dk\/wp-json\/wp\/v2\/pages\/3194\/revisions\/3719"}],"wp:attachment":[{"href":"https:\/\/sctp.dk\/da_dk\/wp-json\/wp\/v2\/media?parent=3194"}],"curies":[{"name":"wp","href":"https:\/\/api.w.org\/{rel}","templated":true}]}}