{"id":2626,"date":"2022-08-09T11:18:58","date_gmt":"2022-08-09T10:18:58","guid":{"rendered":"https:\/\/sctp.dk\/?page_id=2626"},"modified":"2023-09-14T21:14:14","modified_gmt":"2023-09-14T20:14:14","slug":"zydeco-annie","status":"publish","type":"page","link":"https:\/\/sctp.dk\/da_dk\/zydeco-annie\/","title":{"rendered":"ZYDECO ANNIE"},"content":{"rendered":"\n\n\t<section class=\"section has-parallax\" id=\"section_1262084705\">\n\t\t<div class=\"section-bg fill\" data-parallax-container=\".section\" data-parallax-background data-parallax=\"-10\">\n\t\t\t<img loading=\"lazy\" decoding=\"async\" width=\"1024\" height=\"768\" src=\"https:\/\/sctp.dk\/wp-content\/uploads\/2021\/10\/Rainbow-Entertainment-KoncertOgEvent-booking-bg2-1024x768-1.png\" class=\"bg attachment- size-\" alt=\"\" \/>\t\t\t\t\t\t\n\t\t\t\n\n\t\t<\/div>\n\n\t\t\n\n\t\t<div class=\"section-content relative\">\n\t\t\t\n\n<div class=\"is-divider divider clearfix\" style=\"height:100px;\"><\/div>\n\n<div class=\"row\"  id=\"row-1764663177\">\n\n\n\t<div id=\"col-511974209\" class=\"col small-12 large-12\"  >\n\t\t\t\t<div class=\"col-inner box-shadow-3 text-shadow-2 dark\"  >\n\t\t\t\n\t\t\t\n\n<div class=\"nav-wrapper\"><ul class=\"nav nav-uppercase nav-horizontal nav-size-large nav-bold text-center nav-center\"><li class=><a href=\"https:\/\/sctp.dk\/da_dk\/artister\/rytmisk\/\">Rytmisk<\/a><\/li><li class=><a href=\"https:\/\/sctp.dk\/da_dk\/artister\/rock-blues\/\">Rock\/Blues<\/a><\/li><li class=><a href=\"https:\/\/sctp.dk\/da_dk\/artister\/country\/\">Country<\/a><\/li><li class=><a href=\"https:\/\/sctp.dk\/da_dk\/artister\/pop-disco\/\">Pop\/Disco<\/a><\/li><li class=><a href=\"https:\/\/sctp.dk\/da_dk\/artister\/jazz\/\">Jazz<\/a><\/li><li class=><a href=\"https:\/\/sctp.dk\/da_dk\/artister\/show\/\">Show<\/a><\/li><li class=><a href=\"https:\/\/sctp.dk\/da_dk\/artister\/klasisk\/\">Klasisk<\/a><\/li><li class=><a href=\"https:\/\/sctp.dk\/da_dk\/artister\/festival\/\">Festival<\/a><\/li><li class=><a href=\"https:\/\/sctp.dk\/da_dk\/artister\/andet\/\">Andet<\/a><\/li><\/ul><\/div>\n\n<div class=\"text-center\"><div class=\"is-divider divider clearfix\" style=\"margin-top:0.0em;margin-bottom:0.0em;max-width:1020px;height:2px;background-color:rgb(60, 179, 109);\"><\/div><\/div>\n\n<div class=\"row\"  id=\"row-502985028\">\n\n\n\t<div id=\"col-1030553826\" class=\"col small-12 large-12\"  >\n\t\t\t\t<div class=\"col-inner text-shadow-3 dark\"  >\n\t\t\t\n\t\t\t\n\n\t<div id=\"text-1281864017\" class=\"text\">\n\t\t\n\n<h2>Zydeco Annie<\/h2>\n<p style=\"text-align: center;\">Velkommen til artistens\/bandets egen side, her vil der v\u00e6re mulighed for, at du kan l\u00e6se meget mere, se billeder og evt. videoer, af dem som du har vist interesse for! God forn\u00f8jelse!<\/p>\n\t\t\n<style>\n#text-1281864017 {\n  text-align: center;\n}\n<\/style>\n\t<\/div>\n\t\n\n\t\t<\/div>\n\t\t\t\t\n<style>\n#col-1030553826 > .col-inner {\n  padding: 10px 15px 0px 15px;\n}\n<\/style>\n\t<\/div>\n\n\t\n\n\t<div id=\"col-543924511\" class=\"col small-12 large-12\"  >\n\t\t\t\t<div class=\"col-inner text-shadow-3 dark\"  >\n\t\t\t\n\t\t\t\n\n<div class=\"row\"  id=\"row-1899041324\">\n\n\n\t<div id=\"col-500137547\" class=\"col medium-6 small-12 large-6\"  >\n\t\t\t\t<div class=\"col-inner\"  >\n\t\t\t\n\t\t\t\n\n\n  \n    <div id=\"gallery-1431335301\" class=\" lightbox-multi-gallery slider slider-auto-height row-collapse slider-nav-reveal\" data-flickity-options='{&quot;imagesLoaded&quot;: true, &quot;dragThreshold&quot; : 5, &quot;cellAlign&quot;: &quot;left&quot;,&quot;wrapAround&quot;: true,&quot;prevNextButtons&quot;: true,&quot;percentPosition&quot;: true,&quot;pageDots&quot;: false, &quot;rightToLeft&quot;: false, &quot;autoPlay&quot; : false}'>\n\n  <div class=\"gallery-col col\" >\n          <div class=\"col-inner\">\n                        <div class=\"box has-hover gallery-box box-overlay dark\">\n              <div class=\"box-image image-glow image-cover\" style=\"border-radius:3%;padding-top:100%;\">\n                <img loading=\"lazy\" decoding=\"async\" width=\"600\" height=\"400\" src=\"https:\/\/sctp.dk\/wp-content\/uploads\/2022\/08\/ZA19band08-600x400.jpg\" class=\"attachment-medium size-medium\" alt=\"\" ids=\"2621\" lightbox=\"false\" type=\"slider-full\" image_height=\"100%\" image_radius=\"3\" image_hover=\"glow\" srcset=\"https:\/\/sctp.dk\/wp-content\/uploads\/2022\/08\/ZA19band08-600x400.jpg 600w, https:\/\/sctp.dk\/wp-content\/uploads\/2022\/08\/ZA19band08-1200x800.jpg 1200w, https:\/\/sctp.dk\/wp-content\/uploads\/2022\/08\/ZA19band08-768x512.jpg 768w, https:\/\/sctp.dk\/wp-content\/uploads\/2022\/08\/ZA19band08-1536x1024.jpg 1536w, https:\/\/sctp.dk\/wp-content\/uploads\/2022\/08\/ZA19band08-2048x1365.jpg 2048w\" sizes=\"auto, (max-width: 600px) 100vw, 600px\" \/>                                  <div class=\"overlay fill\"\n                      style=\"background-color: rgba(0,0,0,.15)\">\n                  <\/div>\n                                                              <\/div>\n              <div class=\"box-text text-left\" >\n                 <p><\/p>\n              <\/div>\n            <\/div>\n                      <\/div>\n         <\/div><\/div>\n\n\n\t\t<\/div>\n\t\t\t\t\n<style>\n#col-500137547 > .col-inner {\n  padding: 0px 0px 0px 0px;\n  margin: 0px 0px 0px 0;\n}\n@media (min-width:550px) {\n  #col-500137547 > .col-inner {\n    margin: 0px 0px 0px 15px;\n  }\n}\n<\/style>\n\t<\/div>\n\n\t\n\n\t<div id=\"col-867061824\" class=\"col medium-6 small-12 large-6\"  >\n\t\t\t\t<div class=\"col-inner\"  >\n\t\t\t\n\t\t\t\n\n\n  \n    <div class=\"row  lightbox-multi-gallery large-columns-3 medium-columns-3 small-columns-2 row-small\" >\n  <div class=\"gallery-col col\" data-animate=\"bounceIn\">\n          <div class=\"col-inner\">\n            <a class=\"\" href=\"https:\/\/sctp.dk\/wp-content\/uploads\/2022\/08\/ZA19band08-1200x800.jpg\" title=\"\">            <div class=\"box has-hover gallery-box box-overlay dark\">\n              <div class=\"box-image image-zoom box-shadow-4-hover\" style=\"border-radius:3%;\">\n                <img loading=\"lazy\" decoding=\"async\" width=\"600\" height=\"400\" src=\"https:\/\/sctp.dk\/wp-content\/uploads\/2022\/08\/ZA19band08-600x400.jpg\" class=\"attachment-medium size-medium\" alt=\"\" ids=\"2621\" col_spacing=\"small\" columns=\"3\" columns__md=\"3\" depth_hover=\"4\" animate=\"bounceIn\" image_radius=\"3\" image_hover=\"zoom\" srcset=\"https:\/\/sctp.dk\/wp-content\/uploads\/2022\/08\/ZA19band08-600x400.jpg 600w, https:\/\/sctp.dk\/wp-content\/uploads\/2022\/08\/ZA19band08-1200x800.jpg 1200w, https:\/\/sctp.dk\/wp-content\/uploads\/2022\/08\/ZA19band08-768x512.jpg 768w, https:\/\/sctp.dk\/wp-content\/uploads\/2022\/08\/ZA19band08-1536x1024.jpg 1536w, https:\/\/sctp.dk\/wp-content\/uploads\/2022\/08\/ZA19band08-2048x1365.jpg 2048w\" sizes=\"auto, (max-width: 600px) 100vw, 600px\" \/>                                  <div class=\"overlay fill\"\n                      style=\"background-color: rgba(0,0,0,.15)\">\n                  <\/div>\n                                                              <\/div>\n              <div class=\"box-text text-left\" >\n                 <p><\/p>\n              <\/div>\n            <\/div>\n            <\/a>          <\/div>\n         <\/div><\/div>\n\n\n\t\t<\/div>\n\t\t\t\t\n<style>\n#col-867061824 > .col-inner {\n  padding: 0px 0px 0px 0px;\n}\n@media (min-width:550px) {\n  #col-867061824 > .col-inner {\n    padding: 0px 15px 0px 0px;\n  }\n}\n<\/style>\n\t<\/div>\n\n\t\n\n<\/div>\n\n\t\t<\/div>\n\t\t\t\t\n<style>\n#col-543924511 > .col-inner {\n  padding: 0px 0px 0px 0px;\n  margin: 0px 0px -50px 0px;\n}\n<\/style>\n\t<\/div>\n\n\t\n\n<\/div>\n<div class=\"accordion\">\n\n\t<div id=\"accordion-1519383078\" class=\"accordion-item\">\n\t\t<a id=\"accordion-1519383078-label\" class=\"accordion-title plain\" href=\"#accordion-item-biografi\" aria-expanded=\"false\" aria-controls=\"accordion-1519383078-content\">\n\t\t\t<button class=\"toggle\" aria-label=\"Sl\u00e5 til\/fra\"><i class=\"icon-angle-down\" aria-hidden=\"true\"><\/i><\/button>\n\t\t\t<span>Biografi<\/span>\n\t\t<\/a>\n\t\t<div id=\"accordion-1519383078-content\" class=\"accordion-inner\" aria-labelledby=\"accordion-1519383078-label\">\n\t\t\t\n\n\t<div id=\"text-2770814253\" class=\"text\">\n\t\t\n\n<p>&#8220;ZYDECO ANNIE + SWAMP CATS FEAT&#8221;<\/p>\n<p>Helt Oncale (NEW ORLEANS)<\/p>\n<p>Med seksten \u00e5rs turn\u00e9ring i Tyskland, \u00d8strig og Schweiz, med et begejstret publikum, o sange og et internationalt line-up, er ZYDECO ANNIE + SWAMP CATS Tysklands mest popul\u00e6re band, der pr\u00e6senterer Cajun og Zydeco musik fra Louisiana.<\/p>\n<p>Nyd en uforglemmelig koncertaften med deres nye program:<\/p>\n<p>The Spirit of New Orleans<\/p>\n<p>Nede sydp\u00e5 i Louisiana ved mississippifloden er New Orleans en unik smeltedigel af kulturer, madlavning og musikstilarter og kaldes stadig jazzmusikkens vugge. Kom sammen med ZYDECO ANNIE + SWAMP CATS, med til en enest\u00e5ende aften i denne musikalske by, bliv smittet af dens \u00e5nd, m\u00e6rk varmen og eftersp\u00f8rgslen efter mere, tilfredsstille dit \u00f8nske om frihed og tag et stykke af det med hjem. Dette er betydningen af &#8220;The Spirit of New Orleans&#8221;.<\/p>\n<p>ZYDECO ANNIE + SWAMP CATS er lige s\u00e5 alsidige og farverige som historierne om det gamle New Orleans. Bandet ved, hvordan man unikt kombinerer deres egne r\u00f8dder med Big Easy, deres egen fortid med det kreolske folks musik. Deres originale sange fort\u00e6ller om sorgen ved at sige farvel, om Mardi Gras&#8217; livlighed og energi, om ensomme bayou-\u00f8nsker og de glade sammenkomster p\u00e5 Fais Deaux Deaux.<\/p>\n<p>ZYDECO ANNIE kommer fra en familie, der kredser om harmonikaen. Hendes harmonika har v\u00e6ret hendes daglige f\u00f8lgesvend siden barndommen. Efter at v\u00e6re vokset op med traditionel bayersk musik og tilbragt sine tidlige dage med orkesterharmonika og klassiske studier blev hun forelsket i Cajun og Zydeco under en af sine musikalske turn\u00e9er rundt om i verden. Hendes spil er lige s\u00e5 fuld af facetter som livet selv, fuld af legende vitalitet, endel\u00f8s hengivenhed til at lave musik og selvf\u00f8lgelig &#8211; k\u00e6rligheden til hendes instrument.<\/p>\n<p>Den karismatiske musiker HELT ONCALE kommer direkte fra hjertet af New Orleans, som ogs\u00e5 kaldes &#8220;Big Easy&#8221; af sine beboere p\u00e5 grund af sin nemme livsstil. Han voksede op i byens pulserende liv, l\u00e6rte sit h\u00e5ndv\u00e6rk i kunstnerens pubber i det &#8220;franske kvarter&#8221;, spillede sig gennem klubberne og barerne i &#8220;Bourbon Street&#8221;, hvor de bedste af de gode pr\u00e6senterer deres kunst hver dag. Fra en alder af 19 \u00e5r turnerer den fremragende musiker gennem USA<\/p>\n<p>HELT ONCALE \u2013 det vil sige groovy rhythm&#8217;n&#8217; Blues og traditionel Cajun violin, en mester guitarist og violinist med en f\u00f8lsom stemme<\/p>\n\t\t\n<style>\n#text-2770814253 {\n  text-align: left;\n  color: rgb(255,255,255);\n}\n#text-2770814253 > * {\n  color: rgb(255,255,255);\n}\n<\/style>\n\t<\/div>\n\t\n\n\t\t<\/div>\n\t<\/div>\n\t\n\t<div id=\"accordion-2438993304\" class=\"accordion-item\">\n\t\t<a id=\"accordion-2438993304-label\" class=\"accordion-title plain\" href=\"#accordion-item-diskografi\" aria-expanded=\"false\" aria-controls=\"accordion-2438993304-content\">\n\t\t\t<button class=\"toggle\" aria-label=\"Sl\u00e5 til\/fra\"><i class=\"icon-angle-down\" aria-hidden=\"true\"><\/i><\/button>\n\t\t\t<span>Diskografi<\/span>\n\t\t<\/a>\n\t\t<div id=\"accordion-2438993304-content\" class=\"accordion-inner\" aria-labelledby=\"accordion-2438993304-label\">\n\t\t\t\n\n<p>kommer her<\/p>\n\n\t\t<\/div>\n\t<\/div>\n\t\n\t<div id=\"accordion-1125499673\" class=\"accordion-item\">\n\t\t<a id=\"accordion-1125499673-label\" class=\"accordion-title plain\" href=\"#accordion-item-citater\" aria-expanded=\"false\" aria-controls=\"accordion-1125499673-content\">\n\t\t\t<button class=\"toggle\" aria-label=\"Sl\u00e5 til\/fra\"><i class=\"icon-angle-down\" aria-hidden=\"true\"><\/i><\/button>\n\t\t\t<span>Citater<\/span>\n\t\t<\/a>\n\t\t<div id=\"accordion-1125499673-content\" class=\"accordion-inner\" aria-labelledby=\"accordion-1125499673-label\">\n\t\t\t\n\n<p>kommer her<\/p>\n\n\t\t<\/div>\n\t<\/div>\n\t\n\t<div id=\"accordion-549963475\" class=\"accordion-item\">\n\t\t<a id=\"accordion-549963475-label\" class=\"accordion-title plain\" href=\"#accordion-item-projekt\" aria-expanded=\"false\" aria-controls=\"accordion-549963475-content\">\n\t\t\t<button class=\"toggle\" aria-label=\"Sl\u00e5 til\/fra\"><i class=\"icon-angle-down\" aria-hidden=\"true\"><\/i><\/button>\n\t\t\t<span>Projekt<\/span>\n\t\t<\/a>\n\t\t<div id=\"accordion-549963475-content\" class=\"accordion-inner\" aria-labelledby=\"accordion-549963475-label\">\n\t\t\t\n\n<p>kommer her<\/p>\n\n\t\t<\/div>\n\t<\/div>\n\t\n\t<div id=\"accordion-3363621095\" class=\"accordion-item\">\n\t\t<a id=\"accordion-3363621095-label\" class=\"accordion-title plain\" href=\"#accordion-item-tour-datoer\" aria-expanded=\"false\" aria-controls=\"accordion-3363621095-content\">\n\t\t\t<button class=\"toggle\" aria-label=\"Sl\u00e5 til\/fra\"><i class=\"icon-angle-down\" aria-hidden=\"true\"><\/i><\/button>\n\t\t\t<span>Tour datoer<\/span>\n\t\t<\/a>\n\t\t<div id=\"accordion-3363621095-content\" class=\"accordion-inner\" aria-labelledby=\"accordion-3363621095-label\">\n\t\t\t\n\n<p>2022\/2023<\/p>\n\n\t\t<\/div>\n\t<\/div>\n\t\n\n<\/div>\n<div class=\"row\"  id=\"row-713161398\">\n\n\n\t<div id=\"col-154442235\" class=\"col medium-4 small-12 large-4\"  >\n\t\t\t\t<div class=\"col-inner\"  >\n\t\t\t\n\t\t\t\n\n<div class=\"video video-fit mb\" style=\"padding-top:62%;\"><iframe loading=\"lazy\" title=\"&quot;VOULEZ VOUS DANSER&quot; - Zydeco Annie + Swamp Cats\" width=\"1020\" height=\"574\" src=\"https:\/\/www.youtube.com\/embed\/F5hDVbzl1qY?feature=oembed\" frameborder=\"0\" allow=\"accelerometer; autoplay; clipboard-write; encrypted-media; gyroscope; picture-in-picture\" allowfullscreen title=\"\"VOULEZ VOUS DANSER\" - Zydeco Annie + Swamp Cats\"><\/iframe><\/div>\n\n\n\t\t<\/div>\n\t\t\t\t\n<style>\n#col-154442235 > .col-inner {\n  padding: 0px 5px 0px px;\n  margin: 0px 0px 0px 0;\n}\n@media (min-width:550px) {\n  #col-154442235 > .col-inner {\n    margin: 0px 0px 0px 10px;\n  }\n}\n<\/style>\n\t<\/div>\n\n\t\n\n\t<div id=\"col-201037949\" class=\"col medium-4 small-12 large-4\"  >\n\t\t\t\t<div class=\"col-inner\"  >\n\t\t\t\n\t\t\t\n\n<div class=\"video video-fit mb\" style=\"padding-top:56.25%;\"><p><iframe loading=\"lazy\" title=\"Zydeco Annie + Swamp Cats - &quot;RENDEZ-VOUS \u00c1 NEW ORLEANS&quot;\" width=\"1020\" height=\"574\" src=\"https:\/\/www.youtube.com\/embed\/ROMGaiT_3ug?feature=oembed\" frameborder=\"0\" allow=\"accelerometer; autoplay; clipboard-write; encrypted-media; gyroscope; picture-in-picture\" allowfullscreen title=\"Zydeco Annie + Swamp Cats - \"RENDEZ-VOUS \u00c1 NEW ORLEANS\"\"><\/iframe><\/p>\n<\/div>\n\n\n\t\t<\/div>\n\t\t\t\t\n<style>\n#col-201037949 > .col-inner {\n  padding: 0px 5px 0px px;\n  margin: 0px 0px 0px 0;\n}\n@media (min-width:550px) {\n  #col-201037949 > .col-inner {\n    margin: 0px 0px 0px 10px;\n  }\n}\n<\/style>\n\t<\/div>\n\n\t\n\n<\/div>\n\n\t\t<\/div>\n\t\t\t\t\n<style>\n#col-511974209 > .col-inner {\n  border-radius: 3px;\n}\n<\/style>\n\t<\/div>\n\n\t\n\n\n<style>\n#row-1764663177 > .col > .col-inner {\n  background-color: rgba(33, 46, 89, 0.576);\n}\n<\/style>\n<\/div>\n\n\t\t<\/div>\n\n\t\t\n<style>\n#section_1262084705 {\n  padding-top: 30px;\n  padding-bottom: 30px;\n}\n#section_1262084705 .section-bg img {\n  object-position: 50% 0%;\n}\n<\/style>\n\t<\/section>\n\t\n\n","protected":false},"excerpt":{"rendered":"","protected":false},"author":3,"featured_media":0,"parent":0,"menu_order":0,"comment_status":"closed","ping_status":"closed","template":"page-transparent-header-light.php","meta":{"footnotes":""},"class_list":["post-2626","page","type-page","status-publish","hentry"],"yoast_head":"<!-- This site is optimized with the Yoast SEO plugin v27.5 - https:\/\/yoast.com\/product\/yoast-seo-wordpress\/ -->\n<title>ZYDECO ANNIE - Scandinavian Concert and Tour Promotion<\/title>\n<meta name=\"robots\" content=\"index, follow, max-snippet:-1, max-image-preview:large, max-video-preview:-1\" \/>\n<link rel=\"canonical\" href=\"https:\/\/sctp.dk\/da_dk\/zydeco-annie\/\" \/>\n<meta property=\"og:locale\" content=\"da_DK\" \/>\n<meta property=\"og:type\" content=\"article\" \/>\n<meta property=\"og:title\" content=\"ZYDECO ANNIE - Scandinavian Concert and Tour Promotion\" \/>\n<meta property=\"og:url\" content=\"https:\/\/sctp.dk\/da_dk\/zydeco-annie\/\" \/>\n<meta property=\"og:site_name\" content=\"Scandinavian Concert and Tour Promotion\" \/>\n<meta property=\"article:publisher\" content=\"https:\/\/www.facebook.com\/NissumEvent\" \/>\n<meta property=\"article:modified_time\" content=\"2023-09-14T20:14:14+00:00\" \/>\n<meta name=\"twitter:card\" content=\"summary_large_image\" \/>\n<script type=\"application\/ld+json\" class=\"yoast-schema-graph\">{\"@context\":\"https:\\\/\\\/schema.org\",\"@graph\":[{\"@type\":\"WebPage\",\"@id\":\"https:\\\/\\\/sctp.dk\\\/zydeco-annie\\\/\",\"url\":\"https:\\\/\\\/sctp.dk\\\/zydeco-annie\\\/\",\"name\":\"ZYDECO ANNIE - Scandinavian Concert and Tour Promotion\",\"isPartOf\":{\"@id\":\"https:\\\/\\\/sctp.dk\\\/da_dk\\\/#website\"},\"datePublished\":\"2022-08-09T10:18:58+00:00\",\"dateModified\":\"2023-09-14T20:14:14+00:00\",\"breadcrumb\":{\"@id\":\"https:\\\/\\\/sctp.dk\\\/zydeco-annie\\\/#breadcrumb\"},\"inLanguage\":\"da-DK\",\"potentialAction\":[{\"@type\":\"ReadAction\",\"target\":[\"https:\\\/\\\/sctp.dk\\\/zydeco-annie\\\/\"]}]},{\"@type\":\"BreadcrumbList\",\"@id\":\"https:\\\/\\\/sctp.dk\\\/zydeco-annie\\\/#breadcrumb\",\"itemListElement\":[{\"@type\":\"ListItem\",\"position\":1,\"name\":\"Hjem\",\"item\":\"https:\\\/\\\/sctp.dk\\\/\"},{\"@type\":\"ListItem\",\"position\":2,\"name\":\"ZYDECO ANNIE\"}]},{\"@type\":\"WebSite\",\"@id\":\"https:\\\/\\\/sctp.dk\\\/da_dk\\\/#website\",\"url\":\"https:\\\/\\\/sctp.dk\\\/da_dk\\\/\",\"name\":\"Scandinavian Concert and Tour Promotion\",\"description\":\"Concert&amp;Tour Promotion \u2022 event\",\"publisher\":{\"@id\":\"https:\\\/\\\/sctp.dk\\\/da_dk\\\/#organization\"},\"potentialAction\":[{\"@type\":\"SearchAction\",\"target\":{\"@type\":\"EntryPoint\",\"urlTemplate\":\"https:\\\/\\\/sctp.dk\\\/da_dk\\\/?s={search_term_string}\"},\"query-input\":{\"@type\":\"PropertyValueSpecification\",\"valueRequired\":true,\"valueName\":\"search_term_string\"}}],\"inLanguage\":\"da-DK\"},{\"@type\":\"Organization\",\"@id\":\"https:\\\/\\\/sctp.dk\\\/da_dk\\\/#organization\",\"name\":\"Scandinavian Concert&Tour Promotion\",\"url\":\"https:\\\/\\\/sctp.dk\\\/da_dk\\\/\",\"logo\":{\"@type\":\"ImageObject\",\"inLanguage\":\"da-DK\",\"@id\":\"https:\\\/\\\/sctp.dk\\\/da_dk\\\/#\\\/schema\\\/logo\\\/image\\\/\",\"url\":\"https:\\\/\\\/sctp.dk\\\/wp-content\\\/uploads\\\/2021\\\/10\\\/Banner_1a.png\",\"contentUrl\":\"https:\\\/\\\/sctp.dk\\\/wp-content\\\/uploads\\\/2021\\\/10\\\/Banner_1a.png\",\"width\":8963,\"height\":2433,\"caption\":\"Scandinavian Concert&Tour Promotion\"},\"image\":{\"@id\":\"https:\\\/\\\/sctp.dk\\\/da_dk\\\/#\\\/schema\\\/logo\\\/image\\\/\"},\"sameAs\":[\"https:\\\/\\\/www.facebook.com\\\/NissumEvent\"]}]}<\/script>\n<!-- \/ Yoast SEO plugin. -->","yoast_head_json":{"title":"ZYDECO ANNIE - Scandinavian Concert and Tour Promotion","robots":{"index":"index","follow":"follow","max-snippet":"max-snippet:-1","max-image-preview":"max-image-preview:large","max-video-preview":"max-video-preview:-1"},"canonical":"https:\/\/sctp.dk\/da_dk\/zydeco-annie\/","og_locale":"da_DK","og_type":"article","og_title":"ZYDECO ANNIE - Scandinavian Concert and Tour Promotion","og_url":"https:\/\/sctp.dk\/da_dk\/zydeco-annie\/","og_site_name":"Scandinavian Concert and Tour Promotion","article_publisher":"https:\/\/www.facebook.com\/NissumEvent","article_modified_time":"2023-09-14T20:14:14+00:00","twitter_card":"summary_large_image","schema":{"@context":"https:\/\/schema.org","@graph":[{"@type":"WebPage","@id":"https:\/\/sctp.dk\/zydeco-annie\/","url":"https:\/\/sctp.dk\/zydeco-annie\/","name":"ZYDECO ANNIE - Scandinavian Concert and Tour Promotion","isPartOf":{"@id":"https:\/\/sctp.dk\/da_dk\/#website"},"datePublished":"2022-08-09T10:18:58+00:00","dateModified":"2023-09-14T20:14:14+00:00","breadcrumb":{"@id":"https:\/\/sctp.dk\/zydeco-annie\/#breadcrumb"},"inLanguage":"da-DK","potentialAction":[{"@type":"ReadAction","target":["https:\/\/sctp.dk\/zydeco-annie\/"]}]},{"@type":"BreadcrumbList","@id":"https:\/\/sctp.dk\/zydeco-annie\/#breadcrumb","itemListElement":[{"@type":"ListItem","position":1,"name":"Hjem","item":"https:\/\/sctp.dk\/"},{"@type":"ListItem","position":2,"name":"ZYDECO ANNIE"}]},{"@type":"WebSite","@id":"https:\/\/sctp.dk\/da_dk\/#website","url":"https:\/\/sctp.dk\/da_dk\/","name":"Scandinavian Concert and Tour Promotion","description":"Concert&amp;Tour Promotion \u2022 event","publisher":{"@id":"https:\/\/sctp.dk\/da_dk\/#organization"},"potentialAction":[{"@type":"SearchAction","target":{"@type":"EntryPoint","urlTemplate":"https:\/\/sctp.dk\/da_dk\/?s={search_term_string}"},"query-input":{"@type":"PropertyValueSpecification","valueRequired":true,"valueName":"search_term_string"}}],"inLanguage":"da-DK"},{"@type":"Organization","@id":"https:\/\/sctp.dk\/da_dk\/#organization","name":"Scandinavian Concert&Tour Promotion","url":"https:\/\/sctp.dk\/da_dk\/","logo":{"@type":"ImageObject","inLanguage":"da-DK","@id":"https:\/\/sctp.dk\/da_dk\/#\/schema\/logo\/image\/","url":"https:\/\/sctp.dk\/wp-content\/uploads\/2021\/10\/Banner_1a.png","contentUrl":"https:\/\/sctp.dk\/wp-content\/uploads\/2021\/10\/Banner_1a.png","width":8963,"height":2433,"caption":"Scandinavian Concert&Tour Promotion"},"image":{"@id":"https:\/\/sctp.dk\/da_dk\/#\/schema\/logo\/image\/"},"sameAs":["https:\/\/www.facebook.com\/NissumEvent"]}]}},"_links":{"self":[{"href":"https:\/\/sctp.dk\/da_dk\/wp-json\/wp\/v2\/pages\/2626","targetHints":{"allow":["GET"]}}],"collection":[{"href":"https:\/\/sctp.dk\/da_dk\/wp-json\/wp\/v2\/pages"}],"about":[{"href":"https:\/\/sctp.dk\/da_dk\/wp-json\/wp\/v2\/types\/page"}],"author":[{"embeddable":true,"href":"https:\/\/sctp.dk\/da_dk\/wp-json\/wp\/v2\/users\/3"}],"replies":[{"embeddable":true,"href":"https:\/\/sctp.dk\/da_dk\/wp-json\/wp\/v2\/comments?post=2626"}],"version-history":[{"count":15,"href":"https:\/\/sctp.dk\/da_dk\/wp-json\/wp\/v2\/pages\/2626\/revisions"}],"predecessor-version":[{"id":3093,"href":"https:\/\/sctp.dk\/da_dk\/wp-json\/wp\/v2\/pages\/2626\/revisions\/3093"}],"wp:attachment":[{"href":"https:\/\/sctp.dk\/da_dk\/wp-json\/wp\/v2\/media?parent=2626"}],"curies":[{"name":"wp","href":"https:\/\/api.w.org\/{rel}","templated":true}]}}