{"id":2038,"date":"2022-01-06T21:25:45","date_gmt":"2022-01-06T20:25:45","guid":{"rendered":"https:\/\/sctp.dk\/?page_id=2038"},"modified":"2023-09-14T21:18:30","modified_gmt":"2023-09-14T20:18:30","slug":"blue-flamingos","status":"publish","type":"page","link":"https:\/\/sctp.dk\/da_dk\/blue-flamingos\/","title":{"rendered":"Blue Flamingos"},"content":{"rendered":"\n\n\t<section class=\"section\" id=\"section_241138200\">\n\t\t<div class=\"section-bg fill\" >\n\t\t\t<img loading=\"lazy\" decoding=\"async\" width=\"1024\" height=\"768\" src=\"https:\/\/sctp.dk\/wp-content\/uploads\/2021\/10\/Rainbow-Entertainment-KoncertOgEvent-booking-bg2-1024x768-1.png\" class=\"bg attachment- size-\" alt=\"\" \/>\t\t\t\t\t\t\n\t\t\t\n\n\t\t<\/div>\n\n\t\t\n\n\t\t<div class=\"section-content relative\">\n\t\t\t\n\n<div class=\"is-divider divider clearfix\" style=\"height:100px;\"><\/div>\n\n<div class=\"row\"  id=\"row-376252537\">\n\n\n\t<div id=\"col-1013393648\" class=\"col small-12 large-12\"  >\n\t\t\t\t<div class=\"col-inner box-shadow-3 text-shadow-2 dark\"  >\n\t\t\t\n\t<div class=\"is-border\"\n\t\tstyle=\"border-color:rgb(0, 0, 0);border-radius:3px;border-width:1px 1px 1px 1;\">\n\t<\/div>\n\t\t\t\n\n<div class=\"nav-wrapper\"><ul class=\"nav nav-uppercase nav-horizontal nav-size-large nav-bold text-center nav-center\"><li class=><a href=\"https:\/\/sctp.dk\/da_dk\/artister\/rytmisk\/\">Rytmisk<\/a><\/li><li class=><a href=\"https:\/\/sctp.dk\/da_dk\/artister\/rock-blues\/\">Rock\/Blues<\/a><\/li><li class=><a href=\"https:\/\/sctp.dk\/da_dk\/artister\/country\/\">Country<\/a><\/li><li class=><a href=\"https:\/\/sctp.dk\/da_dk\/artister\/pop-disco\/\">Pop\/Disco<\/a><\/li><li class=><a href=\"https:\/\/sctp.dk\/da_dk\/artister\/jazz\/\">Jazz<\/a><\/li><li class=><a href=\"https:\/\/sctp.dk\/da_dk\/artister\/show\/\">Show<\/a><\/li><li class=><a href=\"https:\/\/sctp.dk\/da_dk\/artister\/klasisk\/\">Klasisk<\/a><\/li><li class=><a href=\"https:\/\/sctp.dk\/da_dk\/artister\/festival\/\">Festival<\/a><\/li><li class=><a href=\"https:\/\/sctp.dk\/da_dk\/artister\/andet\/\">Andet<\/a><\/li><\/ul><\/div>\n\n<div class=\"text-center\"><div class=\"is-divider divider clearfix\" style=\"margin-top:0.0em;margin-bottom:0.0em;max-width:1020px;height:2px;background-color:rgb(60, 179, 109);\"><\/div><\/div>\n\n<div class=\"row\"  id=\"row-438881679\">\n\n\n\t<div id=\"col-1941975411\" class=\"col small-12 large-12\"  >\n\t\t\t\t<div class=\"col-inner text-shadow-3 dark\"  >\n\t\t\t\n\t\t\t\n\n\t<div id=\"text-2279246401\" class=\"text\">\n\t\t\n\n<h2>Blue Flamingos<\/h2>\n<p>Velkommen til artistens\/bandets egen side, her vil der v\u00e6re mulighed for, at du kan l\u00e6se meget mere, se billeder og evt. videoer, af dem som du har vist interesse for!<\/p>\n<p>God forn\u00f8jelse!<\/p>\n\t\t\n<style>\n#text-2279246401 {\n  text-align: center;\n}\n<\/style>\n\t<\/div>\n\t\n\n\t\t<\/div>\n\t\t\t\t\n<style>\n#col-1941975411 > .col-inner {\n  padding: 10px 8px px 8px;\n}\n<\/style>\n\t<\/div>\n\n\t\n\n\t<div id=\"col-1194252743\" class=\"col small-12 large-12\"  >\n\t\t\t\t<div class=\"col-inner text-shadow-3 dark\"  >\n\t\t\t\n\t\t\t\n\n<div class=\"row\"  id=\"row-1185265371\">\n\n\n\t<div id=\"col-1828418116\" class=\"col medium-6 small-12 large-6\"  >\n\t\t\t\t<div class=\"col-inner\"  >\n\t\t\t\n\t\t\t\n\n\n  \n    <div id=\"gallery-853332653\" class=\" lightbox-multi-gallery slider slider-auto-height row-collapse slider-nav-reveal\" data-flickity-options='{&quot;imagesLoaded&quot;: true, &quot;dragThreshold&quot; : 5, &quot;cellAlign&quot;: &quot;left&quot;,&quot;wrapAround&quot;: true,&quot;prevNextButtons&quot;: true,&quot;percentPosition&quot;: true,&quot;pageDots&quot;: false, &quot;rightToLeft&quot;: false, &quot;autoPlay&quot; : false}'>\n\n  <div class=\"gallery-col col\" >\n          <div class=\"col-inner\">\n                        <div class=\"box has-hover gallery-box box-overlay dark\">\n              <div class=\"box-image image-glow\" style=\"border-radius:3%;\">\n                <img loading=\"lazy\" decoding=\"async\" width=\"399\" height=\"400\" src=\"https:\/\/sctp.dk\/wp-content\/uploads\/2022\/01\/Blue-Flamingos-band-square-pic-399x400.jpg\" class=\"attachment-medium size-medium\" alt=\"\" ids=\"2059\" lightbox=\"false\" type=\"slider-full\" image_radius=\"3\" image_hover=\"glow\" srcset=\"https:\/\/sctp.dk\/wp-content\/uploads\/2022\/01\/Blue-Flamingos-band-square-pic-399x400.jpg 399w, https:\/\/sctp.dk\/wp-content\/uploads\/2022\/01\/Blue-Flamingos-band-square-pic-799x800.jpg 799w, https:\/\/sctp.dk\/wp-content\/uploads\/2022\/01\/Blue-Flamingos-band-square-pic-280x280.jpg 280w, https:\/\/sctp.dk\/wp-content\/uploads\/2022\/01\/Blue-Flamingos-band-square-pic-768x769.jpg 768w, https:\/\/sctp.dk\/wp-content\/uploads\/2022\/01\/Blue-Flamingos-band-square-pic-12x12.jpg 12w, https:\/\/sctp.dk\/wp-content\/uploads\/2022\/01\/Blue-Flamingos-band-square-pic.jpg 1083w\" sizes=\"auto, (max-width: 399px) 100vw, 399px\" \/>                                  <div class=\"overlay fill\"\n                      style=\"background-color: rgba(0,0,0,.15)\">\n                  <\/div>\n                                                              <\/div>\n              <div class=\"box-text text-left\" >\n                 <p><\/p>\n              <\/div>\n            <\/div>\n                      <\/div>\n         <\/div><\/div>\n\n\n\t\t<\/div>\n\t\t\t\t\n<style>\n#col-1828418116 > .col-inner {\n  padding: 0px 0px 0px 0px;\n  margin: 0px 0px 0px 0;\n}\n@media (min-width:550px) {\n  #col-1828418116 > .col-inner {\n    margin: 0px 0px 0px 15px;\n  }\n}\n<\/style>\n\t<\/div>\n\n\t\n\n\t<div id=\"col-51685595\" class=\"col medium-6 small-12 large-6\"  >\n\t\t\t\t<div class=\"col-inner\"  >\n\t\t\t\n\t\t\t\n\n\n  \n    <div id=\"gallery-641026028\" class=\"row  lightbox-multi-gallery large-columns-1 medium-columns- small-columns- row-xsmall row-masonry\" data-packery-options='{\"itemSelector\": \".col\", \"gutter\": 0, \"presentageWidth\" : true}'>\n\n  <div class=\"gallery-col col\" data-animate=\"bounceIn\">\n          <div class=\"col-inner\">\n            <a class=\"\" href=\"https:\/\/sctp.dk\/wp-content\/uploads\/2022\/01\/BFLAM-logo.jpg\" title=\"\">            <div class=\"box has-hover gallery-box box-overlay dark\">\n              <div class=\"box-image image-zoom box-shadow-3 box-shadow-4-hover\" style=\"border-radius:3%;\">\n                <img loading=\"lazy\" decoding=\"async\" width=\"711\" height=\"400\" src=\"https:\/\/sctp.dk\/wp-content\/uploads\/2022\/01\/BFLAM-logo-711x400.jpg\" class=\"attachment-medium size-medium\" alt=\"\" ids=\"2041,2040\" type=\"masonry\" col_spacing=\"xsmall\" columns=\"1\" depth=\"3\" depth_hover=\"4\" animate=\"bounceIn\" image_radius=\"3\" image_hover=\"zoom\" text_padding=\"0 0px 0px 0px\" srcset=\"https:\/\/sctp.dk\/wp-content\/uploads\/2022\/01\/BFLAM-logo-711x400.jpg 711w, https:\/\/sctp.dk\/wp-content\/uploads\/2022\/01\/BFLAM-logo-768x432.jpg 768w, https:\/\/sctp.dk\/wp-content\/uploads\/2022\/01\/BFLAM-logo-18x10.jpg 18w, https:\/\/sctp.dk\/wp-content\/uploads\/2022\/01\/BFLAM-logo.jpg 1200w\" sizes=\"auto, (max-width: 711px) 100vw, 711px\" \/>                                  <div class=\"overlay fill\"\n                      style=\"background-color: rgba(0,0,0,.15)\">\n                  <\/div>\n                                                              <\/div>\n              <div class=\"box-text text-left\" style=\"padding:0 0px 0px 0px;\">\n                 <p><\/p>\n              <\/div>\n            <\/div>\n            <\/a>          <\/div>\n         <\/div><div class=\"gallery-col col\" data-animate=\"bounceIn\">\n          <div class=\"col-inner\">\n            <a class=\"\" href=\"https:\/\/sctp.dk\/wp-content\/uploads\/2022\/01\/BF_Logo_Web_Small-copy.png\" title=\"\">            <div class=\"box has-hover gallery-box box-overlay dark\">\n              <div class=\"box-image image-zoom box-shadow-3 box-shadow-4-hover\" style=\"border-radius:3%;\">\n                <img loading=\"lazy\" decoding=\"async\" width=\"283\" height=\"131\" src=\"https:\/\/sctp.dk\/wp-content\/uploads\/2022\/01\/BF_Logo_Web_Small-copy.png\" class=\"attachment-medium size-medium\" alt=\"\" ids=\"2041,2040\" type=\"masonry\" col_spacing=\"xsmall\" columns=\"1\" depth=\"3\" depth_hover=\"4\" animate=\"bounceIn\" image_radius=\"3\" image_hover=\"zoom\" text_padding=\"0 0px 0px 0px\" srcset=\"https:\/\/sctp.dk\/wp-content\/uploads\/2022\/01\/BF_Logo_Web_Small-copy.png 283w, https:\/\/sctp.dk\/wp-content\/uploads\/2022\/01\/BF_Logo_Web_Small-copy-280x131.png 280w, https:\/\/sctp.dk\/wp-content\/uploads\/2022\/01\/BF_Logo_Web_Small-copy-18x8.png 18w\" sizes=\"auto, (max-width: 283px) 100vw, 283px\" \/>                                  <div class=\"overlay fill\"\n                      style=\"background-color: rgba(0,0,0,.15)\">\n                  <\/div>\n                                                              <\/div>\n              <div class=\"box-text text-left\" style=\"padding:0 0px 0px 0px;\">\n                 <p><\/p>\n              <\/div>\n            <\/div>\n            <\/a>          <\/div>\n         <\/div><\/div>\n\n\n\t\t<\/div>\n\t\t\t\t\n<style>\n#col-51685595 > .col-inner {\n  padding: 0px 0px 0px 0px;\n}\n@media (min-width:550px) {\n  #col-51685595 > .col-inner {\n    padding: 0px 15px 0px 0px;\n  }\n}\n<\/style>\n\t<\/div>\n\n\t\n\n<\/div>\n\n\t\t<\/div>\n\t\t\t\t\n<style>\n#col-1194252743 > .col-inner {\n  padding: 0px 0px 0px 0px;\n  margin: 0px 0px -50px 0px;\n}\n<\/style>\n\t<\/div>\n\n\t\n\n<\/div>\n<div class=\"accordion\">\n\n\t<div id=\"accordion-3830171062\" class=\"accordion-item\">\n\t\t<a id=\"accordion-3830171062-label\" class=\"accordion-title plain\" href=\"#accordion-item-biografi\" aria-expanded=\"false\" aria-controls=\"accordion-3830171062-content\">\n\t\t\t<button class=\"toggle\" aria-label=\"Sl\u00e5 til\/fra\"><i class=\"icon-angle-down\" aria-hidden=\"true\"><\/i><\/button>\n\t\t\t<span>Biografi<\/span>\n\t\t<\/a>\n\t\t<div id=\"accordion-3830171062-content\" class=\"accordion-inner\" aria-labelledby=\"accordion-3830171062-label\">\n\t\t\t\n\n\t<div id=\"text-887744118\" class=\"text\">\n\t\t\n\n<p>&#8220;THE BLUE FLAMINGOS&#8221;<\/p>\n<p>The BLUE FLAMINGOS 60&#8217;s REVIEW er et live scene show som hurtigt er ved at blive etableret gennem hele Europa for m\u00e5den hvorp\u00e5 det portr\u00e6tterer et meget \u00e6ret og s\u00e6rpr\u00e6get \u00e5rti i popul\u00e6rmusik.<\/p>\n<p>I mods\u00e6tning til mange af de s\u00e6dvanlige 60&#8217;er-hyldestbands er Blue Flamingos unikke ved at have b\u00e5de en mandlig og en kvindelig forsanger og et professionelt fire-personers liveband. Dette adskiller Blue Flamingos show fra mange andre shows ved at kunne levere et meget bredt udvalg af dine yndlings 60&#8217;er hits fra begge sider af Atlanten.<\/p>\n<p>Showet udf\u00f8res af professionelle entertainere og musikere, der har l\u00e6rt deres h\u00e5ndv\u00e6rk som medlemmer af aktuelle 1960&#8217;er bands som The Animals og The Applejacks.<\/p>\n<p>Showet er opdelt i to halvdele. F\u00f8rste halvdel udforsker de meget popul\u00e6re britiske Swinging Sixties, med Storbritanniens mest mindev\u00e6rdige kunstnere fra den tid, herunder: Tom Jones, Dusty Springfield, The Searchers, Sandie Shaw, Gerry and the Pacemakers, The Hollies, The Animals, and of course The Beatles.<\/p>\n<p>Anden halvdel pisker publikum over Atlanten til USA med fantastiske gengivelser af de store amerikanske hits fra samme \u00e6ra. Med skyh\u00f8je 4-stemmede vokalharmonier hylder bandet legendariske stjerner som Beach Boys, Mamas and Papas, Roy Orbison, Sonny og Cher, The Crystals, Dion, Neil Diamond og mange andre.<\/p>\n<p>Dette er et 100% Live Show fyldt med sjov og ballade med et stort katalog af hits, der med garanti vil f\u00e5 publikum op i deres s\u00e6der og synge med. Det er et show, man ikke m\u00e5 g\u00e5 glip af!<\/p>\n\t\t\n<style>\n#text-887744118 {\n  color: rgb(255,255,255);\n}\n#text-887744118 > * {\n  color: rgb(255,255,255);\n}\n<\/style>\n\t<\/div>\n\t\n\n\t\t<\/div>\n\t<\/div>\n\t\n\t<div id=\"accordion-4252811446\" class=\"accordion-item\">\n\t\t<a id=\"accordion-4252811446-label\" class=\"accordion-title plain\" href=\"#accordion-item-diskografi\" aria-expanded=\"false\" aria-controls=\"accordion-4252811446-content\">\n\t\t\t<button class=\"toggle\" aria-label=\"Sl\u00e5 til\/fra\"><i class=\"icon-angle-down\" aria-hidden=\"true\"><\/i><\/button>\n\t\t\t<span>Diskografi<\/span>\n\t\t<\/a>\n\t\t<div id=\"accordion-4252811446-content\" class=\"accordion-inner\" aria-labelledby=\"accordion-4252811446-label\">\n\t\t\t\n\n<p>kommer her<\/p>\n\n\t\t<\/div>\n\t<\/div>\n\t\n\t<div id=\"accordion-3219741797\" class=\"accordion-item\">\n\t\t<a id=\"accordion-3219741797-label\" class=\"accordion-title plain\" href=\"#accordion-item-citater\" aria-expanded=\"false\" aria-controls=\"accordion-3219741797-content\">\n\t\t\t<button class=\"toggle\" aria-label=\"Sl\u00e5 til\/fra\"><i class=\"icon-angle-down\" aria-hidden=\"true\"><\/i><\/button>\n\t\t\t<span>Citater<\/span>\n\t\t<\/a>\n\t\t<div id=\"accordion-3219741797-content\" class=\"accordion-inner\" aria-labelledby=\"accordion-3219741797-label\">\n\t\t\t\n\n<p>kommer her<\/p>\n\n\t\t<\/div>\n\t<\/div>\n\t\n\t<div id=\"accordion-2030100243\" class=\"accordion-item\">\n\t\t<a id=\"accordion-2030100243-label\" class=\"accordion-title plain\" href=\"#accordion-item-projekt\" aria-expanded=\"false\" aria-controls=\"accordion-2030100243-content\">\n\t\t\t<button class=\"toggle\" aria-label=\"Sl\u00e5 til\/fra\"><i class=\"icon-angle-down\" aria-hidden=\"true\"><\/i><\/button>\n\t\t\t<span>Projekt<\/span>\n\t\t<\/a>\n\t\t<div id=\"accordion-2030100243-content\" class=\"accordion-inner\" aria-labelledby=\"accordion-2030100243-label\">\n\t\t\t\n\n<p>kommer her<\/p>\n\n\t\t<\/div>\n\t<\/div>\n\t\n\t<div id=\"accordion-915917232\" class=\"accordion-item\">\n\t\t<a id=\"accordion-915917232-label\" class=\"accordion-title plain\" href=\"#accordion-item-tour-datoer\" aria-expanded=\"false\" aria-controls=\"accordion-915917232-content\">\n\t\t\t<button class=\"toggle\" aria-label=\"Sl\u00e5 til\/fra\"><i class=\"icon-angle-down\" aria-hidden=\"true\"><\/i><\/button>\n\t\t\t<span>Tour datoer<\/span>\n\t\t<\/a>\n\t\t<div id=\"accordion-915917232-content\" class=\"accordion-inner\" aria-labelledby=\"accordion-915917232-label\">\n\t\t\t\n\n<p>2022\/2023<\/p>\n\n\t\t<\/div>\n\t<\/div>\n\t\n\n<\/div>\n\n\t\t<\/div>\n\t\t\t\t\n<style>\n#col-1013393648 > .col-inner {\n  border-radius: 3px;\n}\n<\/style>\n\t<\/div>\n\n\t\n\n\n<style>\n#row-376252537 > .col > .col-inner {\n  background-color: rgba(33, 46, 89, 0.576);\n}\n<\/style>\n<\/div>\n\n\t\t<\/div>\n\n\t\t\n<style>\n#section_241138200 {\n  padding-top: 30px;\n  padding-bottom: 30px;\n}\n#section_241138200 .section-bg img {\n  object-position: 50% 0%;\n}\n<\/style>\n\t<\/section>\n\t\n\n","protected":false},"excerpt":{"rendered":"","protected":false},"author":3,"featured_media":0,"parent":0,"menu_order":0,"comment_status":"closed","ping_status":"closed","template":"page-transparent-header-light.php","meta":{"footnotes":""},"class_list":["post-2038","page","type-page","status-publish","hentry"],"yoast_head":"<!-- This site is optimized with the Yoast SEO plugin v27.5 - https:\/\/yoast.com\/product\/yoast-seo-wordpress\/ -->\n<title>Blue Flamingos - Scandinavian Concert and Tour Promotion<\/title>\n<meta name=\"robots\" content=\"index, follow, max-snippet:-1, max-image-preview:large, max-video-preview:-1\" \/>\n<link rel=\"canonical\" href=\"https:\/\/sctp.dk\/da_dk\/blue-flamingos\/\" \/>\n<meta property=\"og:locale\" content=\"da_DK\" \/>\n<meta property=\"og:type\" content=\"article\" \/>\n<meta property=\"og:title\" content=\"Blue Flamingos - Scandinavian Concert and Tour Promotion\" \/>\n<meta property=\"og:url\" content=\"https:\/\/sctp.dk\/da_dk\/blue-flamingos\/\" \/>\n<meta property=\"og:site_name\" content=\"Scandinavian Concert and Tour Promotion\" \/>\n<meta property=\"article:publisher\" content=\"https:\/\/www.facebook.com\/NissumEvent\" \/>\n<meta property=\"article:modified_time\" content=\"2023-09-14T20:18:30+00:00\" \/>\n<meta name=\"twitter:card\" content=\"summary_large_image\" \/>\n<meta name=\"twitter:label1\" content=\"Estimeret l\u00e6setid\" \/>\n\t<meta name=\"twitter:data1\" content=\"1 minut\" \/>\n<script type=\"application\/ld+json\" class=\"yoast-schema-graph\">{\"@context\":\"https:\\\/\\\/schema.org\",\"@graph\":[{\"@type\":\"WebPage\",\"@id\":\"https:\\\/\\\/sctp.dk\\\/blue-flamingos\\\/\",\"url\":\"https:\\\/\\\/sctp.dk\\\/blue-flamingos\\\/\",\"name\":\"Blue Flamingos - Scandinavian Concert and Tour Promotion\",\"isPartOf\":{\"@id\":\"https:\\\/\\\/sctp.dk\\\/da_dk\\\/#website\"},\"datePublished\":\"2022-01-06T20:25:45+00:00\",\"dateModified\":\"2023-09-14T20:18:30+00:00\",\"breadcrumb\":{\"@id\":\"https:\\\/\\\/sctp.dk\\\/blue-flamingos\\\/#breadcrumb\"},\"inLanguage\":\"da-DK\",\"potentialAction\":[{\"@type\":\"ReadAction\",\"target\":[\"https:\\\/\\\/sctp.dk\\\/blue-flamingos\\\/\"]}]},{\"@type\":\"BreadcrumbList\",\"@id\":\"https:\\\/\\\/sctp.dk\\\/blue-flamingos\\\/#breadcrumb\",\"itemListElement\":[{\"@type\":\"ListItem\",\"position\":1,\"name\":\"Hjem\",\"item\":\"https:\\\/\\\/sctp.dk\\\/\"},{\"@type\":\"ListItem\",\"position\":2,\"name\":\"Blue Flamingos\"}]},{\"@type\":\"WebSite\",\"@id\":\"https:\\\/\\\/sctp.dk\\\/da_dk\\\/#website\",\"url\":\"https:\\\/\\\/sctp.dk\\\/da_dk\\\/\",\"name\":\"Scandinavian Concert and Tour Promotion\",\"description\":\"Concert&amp;Tour Promotion \u2022 event\",\"publisher\":{\"@id\":\"https:\\\/\\\/sctp.dk\\\/da_dk\\\/#organization\"},\"potentialAction\":[{\"@type\":\"SearchAction\",\"target\":{\"@type\":\"EntryPoint\",\"urlTemplate\":\"https:\\\/\\\/sctp.dk\\\/da_dk\\\/?s={search_term_string}\"},\"query-input\":{\"@type\":\"PropertyValueSpecification\",\"valueRequired\":true,\"valueName\":\"search_term_string\"}}],\"inLanguage\":\"da-DK\"},{\"@type\":\"Organization\",\"@id\":\"https:\\\/\\\/sctp.dk\\\/da_dk\\\/#organization\",\"name\":\"Scandinavian Concert&Tour Promotion\",\"url\":\"https:\\\/\\\/sctp.dk\\\/da_dk\\\/\",\"logo\":{\"@type\":\"ImageObject\",\"inLanguage\":\"da-DK\",\"@id\":\"https:\\\/\\\/sctp.dk\\\/da_dk\\\/#\\\/schema\\\/logo\\\/image\\\/\",\"url\":\"https:\\\/\\\/sctp.dk\\\/wp-content\\\/uploads\\\/2021\\\/10\\\/Banner_1a.png\",\"contentUrl\":\"https:\\\/\\\/sctp.dk\\\/wp-content\\\/uploads\\\/2021\\\/10\\\/Banner_1a.png\",\"width\":8963,\"height\":2433,\"caption\":\"Scandinavian Concert&Tour Promotion\"},\"image\":{\"@id\":\"https:\\\/\\\/sctp.dk\\\/da_dk\\\/#\\\/schema\\\/logo\\\/image\\\/\"},\"sameAs\":[\"https:\\\/\\\/www.facebook.com\\\/NissumEvent\"]}]}<\/script>\n<!-- \/ Yoast SEO plugin. -->","yoast_head_json":{"title":"Blue Flamingos - Scandinavian Concert and Tour Promotion","robots":{"index":"index","follow":"follow","max-snippet":"max-snippet:-1","max-image-preview":"max-image-preview:large","max-video-preview":"max-video-preview:-1"},"canonical":"https:\/\/sctp.dk\/da_dk\/blue-flamingos\/","og_locale":"da_DK","og_type":"article","og_title":"Blue Flamingos - Scandinavian Concert and Tour Promotion","og_url":"https:\/\/sctp.dk\/da_dk\/blue-flamingos\/","og_site_name":"Scandinavian Concert and Tour Promotion","article_publisher":"https:\/\/www.facebook.com\/NissumEvent","article_modified_time":"2023-09-14T20:18:30+00:00","twitter_card":"summary_large_image","twitter_misc":{"Estimeret l\u00e6setid":"1 minut"},"schema":{"@context":"https:\/\/schema.org","@graph":[{"@type":"WebPage","@id":"https:\/\/sctp.dk\/blue-flamingos\/","url":"https:\/\/sctp.dk\/blue-flamingos\/","name":"Blue Flamingos - Scandinavian Concert and Tour Promotion","isPartOf":{"@id":"https:\/\/sctp.dk\/da_dk\/#website"},"datePublished":"2022-01-06T20:25:45+00:00","dateModified":"2023-09-14T20:18:30+00:00","breadcrumb":{"@id":"https:\/\/sctp.dk\/blue-flamingos\/#breadcrumb"},"inLanguage":"da-DK","potentialAction":[{"@type":"ReadAction","target":["https:\/\/sctp.dk\/blue-flamingos\/"]}]},{"@type":"BreadcrumbList","@id":"https:\/\/sctp.dk\/blue-flamingos\/#breadcrumb","itemListElement":[{"@type":"ListItem","position":1,"name":"Hjem","item":"https:\/\/sctp.dk\/"},{"@type":"ListItem","position":2,"name":"Blue Flamingos"}]},{"@type":"WebSite","@id":"https:\/\/sctp.dk\/da_dk\/#website","url":"https:\/\/sctp.dk\/da_dk\/","name":"Scandinavian Concert and Tour Promotion","description":"Concert&amp;Tour Promotion \u2022 event","publisher":{"@id":"https:\/\/sctp.dk\/da_dk\/#organization"},"potentialAction":[{"@type":"SearchAction","target":{"@type":"EntryPoint","urlTemplate":"https:\/\/sctp.dk\/da_dk\/?s={search_term_string}"},"query-input":{"@type":"PropertyValueSpecification","valueRequired":true,"valueName":"search_term_string"}}],"inLanguage":"da-DK"},{"@type":"Organization","@id":"https:\/\/sctp.dk\/da_dk\/#organization","name":"Scandinavian Concert&Tour Promotion","url":"https:\/\/sctp.dk\/da_dk\/","logo":{"@type":"ImageObject","inLanguage":"da-DK","@id":"https:\/\/sctp.dk\/da_dk\/#\/schema\/logo\/image\/","url":"https:\/\/sctp.dk\/wp-content\/uploads\/2021\/10\/Banner_1a.png","contentUrl":"https:\/\/sctp.dk\/wp-content\/uploads\/2021\/10\/Banner_1a.png","width":8963,"height":2433,"caption":"Scandinavian Concert&Tour Promotion"},"image":{"@id":"https:\/\/sctp.dk\/da_dk\/#\/schema\/logo\/image\/"},"sameAs":["https:\/\/www.facebook.com\/NissumEvent"]}]}},"_links":{"self":[{"href":"https:\/\/sctp.dk\/da_dk\/wp-json\/wp\/v2\/pages\/2038","targetHints":{"allow":["GET"]}}],"collection":[{"href":"https:\/\/sctp.dk\/da_dk\/wp-json\/wp\/v2\/pages"}],"about":[{"href":"https:\/\/sctp.dk\/da_dk\/wp-json\/wp\/v2\/types\/page"}],"author":[{"embeddable":true,"href":"https:\/\/sctp.dk\/da_dk\/wp-json\/wp\/v2\/users\/3"}],"replies":[{"embeddable":true,"href":"https:\/\/sctp.dk\/da_dk\/wp-json\/wp\/v2\/comments?post=2038"}],"version-history":[{"count":10,"href":"https:\/\/sctp.dk\/da_dk\/wp-json\/wp\/v2\/pages\/2038\/revisions"}],"predecessor-version":[{"id":3097,"href":"https:\/\/sctp.dk\/da_dk\/wp-json\/wp\/v2\/pages\/2038\/revisions\/3097"}],"wp:attachment":[{"href":"https:\/\/sctp.dk\/da_dk\/wp-json\/wp\/v2\/media?parent=2038"}],"curies":[{"name":"wp","href":"https:\/\/api.w.org\/{rel}","templated":true}]}}