{"id":1285,"date":"2021-11-24T17:32:01","date_gmt":"2021-11-24T16:32:01","guid":{"rendered":"https:\/\/sctp.dk\/?page_id=1285"},"modified":"2023-09-14T21:12:42","modified_gmt":"2023-09-14T20:12:42","slug":"chris-klafford","status":"publish","type":"page","link":"https:\/\/sctp.dk\/da_dk\/chris-klafford\/","title":{"rendered":"Chris Kl\u00e4fford"},"content":{"rendered":"\n\n\t<section class=\"section\" id=\"section_1765511458\">\n\t\t<div class=\"section-bg fill\" >\n\t\t\t<img loading=\"lazy\" decoding=\"async\" width=\"1024\" height=\"768\" src=\"https:\/\/sctp.dk\/wp-content\/uploads\/2021\/10\/Rainbow-Entertainment-KoncertOgEvent-booking-bg2-1024x768-1.png\" class=\"bg attachment- size-\" alt=\"\" \/>\t\t\t\t\t\t\n\t\t\t\n\n\t\t<\/div>\n\n\t\t\n\n\t\t<div class=\"section-content relative\">\n\t\t\t\n\n<div class=\"is-divider divider clearfix\" style=\"height:100px;\"><\/div>\n\n<div class=\"row\"  id=\"row-984662257\">\n\n\n\t<div id=\"col-555825365\" class=\"col small-12 large-12\"  >\n\t\t\t\t<div class=\"col-inner box-shadow-3 text-shadow-2 dark\"  >\n\t\t\t\n\t<div class=\"is-border\"\n\t\tstyle=\"border-color:rgb(0, 0, 0);border-radius:3px;border-width:1px 1px 1px 1;\">\n\t<\/div>\n\t\t\t\n\n<div class=\"nav-wrapper\"><ul class=\"nav nav-uppercase nav-horizontal nav-size-large nav-bold text-center nav-center\"><li class=><a href=\"https:\/\/sctp.dk\/da_dk\/artister\/rytmisk\/\">Rytmisk<\/a><\/li><li class=><a href=\"https:\/\/sctp.dk\/da_dk\/artister\/rock-blues\/\">Rock\/Blues<\/a><\/li><li class=><a href=\"https:\/\/sctp.dk\/da_dk\/artister\/country\/\">Country<\/a><\/li><li class=><a href=\"https:\/\/sctp.dk\/da_dk\/artister\/pop-disco\/\">Pop\/Disco<\/a><\/li><li class=><a href=\"https:\/\/sctp.dk\/da_dk\/artister\/jazz\/\">Jazz<\/a><\/li><li class=><a href=\"https:\/\/sctp.dk\/da_dk\/artister\/show\/\">Show<\/a><\/li><li class=><a href=\"https:\/\/sctp.dk\/da_dk\/artister\/klasisk\/\">Klasisk<\/a><\/li><li class=><a href=\"https:\/\/sctp.dk\/da_dk\/artister\/festival\/\">Festival<\/a><\/li><li class=><a href=\"https:\/\/sctp.dk\/da_dk\/artister\/andet\/\">Andet<\/a><\/li><\/ul><\/div>\n\n<div class=\"text-center\"><div class=\"is-divider divider clearfix\" style=\"margin-top:0.0em;margin-bottom:0.0em;max-width:1020px;height:2px;background-color:rgb(60, 179, 109);\"><\/div><\/div>\n\n<div class=\"row\"  id=\"row-1110024653\">\n\n\n\t<div id=\"col-1747284067\" class=\"col small-12 large-12\"  >\n\t\t\t\t<div class=\"col-inner text-shadow-3 dark\"  >\n\t\t\t\n\t\t\t\n\n\t<div id=\"text-744938648\" class=\"text\">\n\t\t\n\n<h2>Chris Kl\u00e4fford<\/h2>\n<p>Velkommen til artistens\/bandets egen side, her vil der v\u00e6re mulighed for, at du kan l\u00e6se meget mere, se billeder og evt. videoer, af dem som du har vist interesse for!<\/p>\n<p>God forn\u00f8jelse!<\/p>\n\t\t\n<style>\n#text-744938648 {\n  text-align: center;\n}\n<\/style>\n\t<\/div>\n\t\n\n\t\t<\/div>\n\t\t\t\t\n<style>\n#col-1747284067 > .col-inner {\n  padding: 10px 8px 0px 8px;\n}\n<\/style>\n\t<\/div>\n\n\t\n\n\t<div id=\"col-4271560\" class=\"col small-12 large-12\"  >\n\t\t\t\t<div class=\"col-inner text-shadow-3 dark\"  >\n\t\t\t\n\t\t\t\n\n<div class=\"row\"  id=\"row-2138736838\">\n\n\n\t<div id=\"col-2104629975\" class=\"col medium-6 small-12 large-6\"  >\n\t\t\t\t<div class=\"col-inner\"  >\n\t\t\t\n\t\t\t\n\n\n  \n    <div id=\"gallery-381232057\" class=\" lightbox-multi-gallery slider slider-auto-height row-collapse slider-nav-reveal\" data-flickity-options='{&quot;imagesLoaded&quot;: true, &quot;dragThreshold&quot; : 5, &quot;cellAlign&quot;: &quot;left&quot;,&quot;wrapAround&quot;: true,&quot;prevNextButtons&quot;: true,&quot;percentPosition&quot;: true,&quot;pageDots&quot;: false, &quot;rightToLeft&quot;: false, &quot;autoPlay&quot; : false}'>\n\n  <div class=\"gallery-col col\" >\n          <div class=\"col-inner\">\n                        <div class=\"box has-hover gallery-box box-overlay dark\">\n              <div class=\"box-image image-glow\" style=\"border-radius:3%;\">\n                <img loading=\"lazy\" decoding=\"async\" width=\"399\" height=\"400\" src=\"https:\/\/sctp.dk\/wp-content\/uploads\/2021\/11\/Chris-Klafford1013-e1637767516990-399x400.jpg\" class=\"attachment-medium size-medium\" alt=\"\" ids=\"1265\" lightbox=\"false\" type=\"slider-full\" image_radius=\"3\" image_hover=\"glow\" srcset=\"https:\/\/sctp.dk\/wp-content\/uploads\/2021\/11\/Chris-Klafford1013-e1637767516990-399x400.jpg 399w, https:\/\/sctp.dk\/wp-content\/uploads\/2021\/11\/Chris-Klafford1013-e1637767516990-798x800.jpg 798w, https:\/\/sctp.dk\/wp-content\/uploads\/2021\/11\/Chris-Klafford1013-e1637767516990-280x280.jpg 280w, https:\/\/sctp.dk\/wp-content\/uploads\/2021\/11\/Chris-Klafford1013-e1637767516990-768x770.jpg 768w, https:\/\/sctp.dk\/wp-content\/uploads\/2021\/11\/Chris-Klafford1013-e1637767516990-510x511.jpg 510w, https:\/\/sctp.dk\/wp-content\/uploads\/2021\/11\/Chris-Klafford1013-e1637767516990-100x100.jpg 100w, https:\/\/sctp.dk\/wp-content\/uploads\/2021\/11\/Chris-Klafford1013-e1637767516990.jpg 1414w\" sizes=\"auto, (max-width: 399px) 100vw, 399px\" \/>                                  <div class=\"overlay fill\"\n                      style=\"background-color: rgba(0,0,0,.15)\">\n                  <\/div>\n                                                              <\/div>\n              <div class=\"box-text text-left\" >\n                 <p><\/p>\n              <\/div>\n            <\/div>\n                      <\/div>\n         <\/div><\/div>\n\n\n\t\t<\/div>\n\t\t\t\t\n<style>\n#col-2104629975 > .col-inner {\n  padding: 0px 0px 0px 0px;\n  margin: 0px 0px 0px 0;\n}\n@media (min-width:550px) {\n  #col-2104629975 > .col-inner {\n    margin: 0px 0px 0px 15px;\n  }\n}\n<\/style>\n\t<\/div>\n\n\t\n\n\t<div id=\"col-592757114\" class=\"col medium-6 small-12 large-6\"  >\n\t\t\t\t<div class=\"col-inner\"  >\n\t\t\t\n\t\t\t\n\n\n  \n    <div id=\"gallery-1720288627\" class=\"row  lightbox-multi-gallery large-columns-3 medium-columns-3 small-columns-2 row-small row-masonry\" data-packery-options='{\"itemSelector\": \".col\", \"gutter\": 0, \"presentageWidth\" : true}'>\n\n  <div class=\"gallery-col col\" data-animate=\"bounceIn\">\n          <div class=\"col-inner\">\n            <a class=\"\" href=\"https:\/\/sctp.dk\/wp-content\/uploads\/2021\/11\/chris.jpg\" title=\"\">            <div class=\"box has-hover gallery-box box-overlay dark\">\n              <div class=\"box-image image-zoom box-shadow-3 box-shadow-4-hover\" style=\"border-radius:3%;\">\n                <img loading=\"lazy\" decoding=\"async\" width=\"400\" height=\"400\" src=\"https:\/\/sctp.dk\/wp-content\/uploads\/2021\/11\/chris-400x400.jpg\" class=\"attachment-medium size-medium\" alt=\"\" ids=\"1287,1289,1265\" type=\"masonry\" col_spacing=\"small\" columns=\"3\" columns__md=\"3\" depth=\"3\" depth_hover=\"4\" animate=\"bounceIn\" image_radius=\"3\" image_size=\"medium\" image_hover=\"zoom\" text_align=\"center\" srcset=\"https:\/\/sctp.dk\/wp-content\/uploads\/2021\/11\/chris-400x400.jpg 400w, https:\/\/sctp.dk\/wp-content\/uploads\/2021\/11\/chris-280x280.jpg 280w, https:\/\/sctp.dk\/wp-content\/uploads\/2021\/11\/chris-510x510.jpg 510w, https:\/\/sctp.dk\/wp-content\/uploads\/2021\/11\/chris-100x100.jpg 100w, https:\/\/sctp.dk\/wp-content\/uploads\/2021\/11\/chris.jpg 640w\" sizes=\"auto, (max-width: 400px) 100vw, 400px\" \/>                                  <div class=\"overlay fill\"\n                      style=\"background-color: rgba(0,0,0,.15)\">\n                  <\/div>\n                                                              <\/div>\n              <div class=\"box-text text-center\" >\n                 <p><\/p>\n              <\/div>\n            <\/div>\n            <\/a>          <\/div>\n         <\/div><div class=\"gallery-col col\" data-animate=\"bounceIn\">\n          <div class=\"col-inner\">\n            <a class=\"\" href=\"https:\/\/sctp.dk\/wp-content\/uploads\/2021\/11\/unnamed.jpg\" title=\"\">            <div class=\"box has-hover gallery-box box-overlay dark\">\n              <div class=\"box-image image-zoom box-shadow-3 box-shadow-4-hover\" style=\"border-radius:3%;\">\n                <img loading=\"lazy\" decoding=\"async\" width=\"400\" height=\"400\" src=\"https:\/\/sctp.dk\/wp-content\/uploads\/2021\/11\/unnamed-400x400.jpg\" class=\"attachment-medium size-medium\" alt=\"\" ids=\"1287,1289,1265\" type=\"masonry\" col_spacing=\"small\" columns=\"3\" columns__md=\"3\" depth=\"3\" depth_hover=\"4\" animate=\"bounceIn\" image_radius=\"3\" image_size=\"medium\" image_hover=\"zoom\" text_align=\"center\" srcset=\"https:\/\/sctp.dk\/wp-content\/uploads\/2021\/11\/unnamed-400x400.jpg 400w, https:\/\/sctp.dk\/wp-content\/uploads\/2021\/11\/unnamed-280x280.jpg 280w, https:\/\/sctp.dk\/wp-content\/uploads\/2021\/11\/unnamed-510x510.jpg 510w, https:\/\/sctp.dk\/wp-content\/uploads\/2021\/11\/unnamed-100x100.jpg 100w, https:\/\/sctp.dk\/wp-content\/uploads\/2021\/11\/unnamed.jpg 640w\" sizes=\"auto, (max-width: 400px) 100vw, 400px\" \/>                                  <div class=\"overlay fill\"\n                      style=\"background-color: rgba(0,0,0,.15)\">\n                  <\/div>\n                                                              <\/div>\n              <div class=\"box-text text-center\" >\n                 <p><\/p>\n              <\/div>\n            <\/div>\n            <\/a>          <\/div>\n         <\/div><div class=\"gallery-col col\" data-animate=\"bounceIn\">\n          <div class=\"col-inner\">\n            <a class=\"\" href=\"https:\/\/sctp.dk\/wp-content\/uploads\/2021\/11\/Chris-Klafford1013-e1637767516990-798x800.jpg\" title=\"\">            <div class=\"box has-hover gallery-box box-overlay dark\">\n              <div class=\"box-image image-zoom box-shadow-3 box-shadow-4-hover\" style=\"border-radius:3%;\">\n                <img loading=\"lazy\" decoding=\"async\" width=\"399\" height=\"400\" src=\"https:\/\/sctp.dk\/wp-content\/uploads\/2021\/11\/Chris-Klafford1013-e1637767516990-399x400.jpg\" class=\"attachment-medium size-medium\" alt=\"\" ids=\"1287,1289,1265\" type=\"masonry\" col_spacing=\"small\" columns=\"3\" columns__md=\"3\" depth=\"3\" depth_hover=\"4\" animate=\"bounceIn\" image_radius=\"3\" image_size=\"medium\" image_hover=\"zoom\" text_align=\"center\" srcset=\"https:\/\/sctp.dk\/wp-content\/uploads\/2021\/11\/Chris-Klafford1013-e1637767516990-399x400.jpg 399w, https:\/\/sctp.dk\/wp-content\/uploads\/2021\/11\/Chris-Klafford1013-e1637767516990-798x800.jpg 798w, https:\/\/sctp.dk\/wp-content\/uploads\/2021\/11\/Chris-Klafford1013-e1637767516990-280x280.jpg 280w, https:\/\/sctp.dk\/wp-content\/uploads\/2021\/11\/Chris-Klafford1013-e1637767516990-768x770.jpg 768w, https:\/\/sctp.dk\/wp-content\/uploads\/2021\/11\/Chris-Klafford1013-e1637767516990-510x511.jpg 510w, https:\/\/sctp.dk\/wp-content\/uploads\/2021\/11\/Chris-Klafford1013-e1637767516990-100x100.jpg 100w, https:\/\/sctp.dk\/wp-content\/uploads\/2021\/11\/Chris-Klafford1013-e1637767516990.jpg 1414w\" sizes=\"auto, (max-width: 399px) 100vw, 399px\" \/>                                  <div class=\"overlay fill\"\n                      style=\"background-color: rgba(0,0,0,.15)\">\n                  <\/div>\n                                                              <\/div>\n              <div class=\"box-text text-center\" >\n                 <p><\/p>\n              <\/div>\n            <\/div>\n            <\/a>          <\/div>\n         <\/div><\/div>\n\n\n\t\t<\/div>\n\t\t\t\t\n<style>\n#col-592757114 > .col-inner {\n  padding: 0px 0px 0px 0px;\n}\n@media (min-width:550px) {\n  #col-592757114 > .col-inner {\n    padding: 0px 15px 0px 0px;\n  }\n}\n<\/style>\n\t<\/div>\n\n\t\n\n<\/div>\n\n\t\t<\/div>\n\t\t\t\t\n<style>\n#col-4271560 > .col-inner {\n  padding: 0px 0px 0px 0px;\n  margin: 0px 0px -50px 0px;\n}\n<\/style>\n\t<\/div>\n\n\t\n\n<\/div>\n<div class=\"accordion\">\n\n\t<div id=\"accordion-4240631053\" class=\"accordion-item\">\n\t\t<a id=\"accordion-4240631053-label\" class=\"accordion-title plain\" href=\"#accordion-item-biografi\" aria-expanded=\"false\" aria-controls=\"accordion-4240631053-content\">\n\t\t\t<button class=\"toggle\" aria-label=\"Sl\u00e5 til\/fra\"><i class=\"icon-angle-down\" aria-hidden=\"true\"><\/i><\/button>\n\t\t\t<span>Biografi<\/span>\n\t\t<\/a>\n\t\t<div id=\"accordion-4240631053-content\" class=\"accordion-inner\" aria-labelledby=\"accordion-4240631053-label\">\n\t\t\t\n\n\t<div id=\"text-3839609330\" class=\"text\">\n\t\t\n\n<p>&#8220;CHRIS KL\u00c2FFORD&#8221;\u00a0<\/p>\n<p>Chris Kl\u00e4fford, f\u00f8dt i 1989 er sanger\/sangskriver fra Lindesberg, Sweden.<\/p>\n<p>Han anses for, at v\u00e6re en af de st\u00e6rkeste musikalske stemmer, fra sit hjemland gennem lang tid.<\/p>\n<p>Efter at have v\u00e6ret omrejsende musiker i over ti \u00e5r, kom hans velfortjente gennembrud ved at vinde talent-tv-showet Swedish Idol i 2017.<\/p>\n<p>I \u00e5renes l\u00f8b har Chris opbygget og opretholdt en st\u00e6rk karriere.<\/p>\n<p>I 2019 blev han rost af b\u00e5de dommere og publikum p\u00e5 America&#8217;s Got Talent, hvor han kvalificerede sig til semifinalerne.<br \/><br \/>Med sit talent, produktivitet og l\u00f8bende voksende f\u00f8lge p\u00e5 sociale medier, har han form\u00e5et at f\u00e5 en verdensomsp\u00e6ndende fanskare, flere platin singler og plade-eksponering med en #1 spot p\u00e5 radio airplay.<\/p>\n<p>2020: Pga Covid-pandemien dette \u00e5r, har online indhold v\u00e6ret et af hovedpunkterne for Chris.<\/p>\n<p>Hans YouTube kanal, er vokset v\u00e6sentligt og hans videoer havde millioner af visninger.<\/p>\n<p>Abonnentstallet, forts\u00e6tter med at vokse i et hurtigt tempo.<\/p>\n<p>Ud over online-indhold forts\u00e6tter Chris med, at skrive musik til sit kommende album.<\/p>\n<p>2019: Scandinavien-Tour, 100 concerter i alt i l\u00f8bet af \u00e5ret og s\u00e5 en sommer-tour som support for Gyllene Tider.<\/p>\n<p>2018: Scandinavien- Tour, 122 concerter i alt i l\u00f8bet af \u00e5ret.<\/p>\n\t\t\n<style>\n#text-3839609330 {\n  color: rgb(255,255,255);\n}\n#text-3839609330 > * {\n  color: rgb(255,255,255);\n}\n<\/style>\n\t<\/div>\n\t\n\n\t\t<\/div>\n\t<\/div>\n\t\n\t<div id=\"accordion-1892807515\" class=\"accordion-item\">\n\t\t<a id=\"accordion-1892807515-label\" class=\"accordion-title plain\" href=\"#accordion-item-diskografi\" aria-expanded=\"false\" aria-controls=\"accordion-1892807515-content\">\n\t\t\t<button class=\"toggle\" aria-label=\"Sl\u00e5 til\/fra\"><i class=\"icon-angle-down\" aria-hidden=\"true\"><\/i><\/button>\n\t\t\t<span>Diskografi<\/span>\n\t\t<\/a>\n\t\t<div id=\"accordion-1892807515-content\" class=\"accordion-inner\" aria-labelledby=\"accordion-1892807515-label\">\n\t\t\t\n\n<p>kommer her<\/p>\n\n\t\t<\/div>\n\t<\/div>\n\t\n\t<div id=\"accordion-4090072926\" class=\"accordion-item\">\n\t\t<a id=\"accordion-4090072926-label\" class=\"accordion-title plain\" href=\"#accordion-item-citater\" aria-expanded=\"false\" aria-controls=\"accordion-4090072926-content\">\n\t\t\t<button class=\"toggle\" aria-label=\"Sl\u00e5 til\/fra\"><i class=\"icon-angle-down\" aria-hidden=\"true\"><\/i><\/button>\n\t\t\t<span>Citater<\/span>\n\t\t<\/a>\n\t\t<div id=\"accordion-4090072926-content\" class=\"accordion-inner\" aria-labelledby=\"accordion-4090072926-label\">\n\t\t\t\n\n<p>kommer her<\/p>\n\n\t\t<\/div>\n\t<\/div>\n\t\n\t<div id=\"accordion-782445980\" class=\"accordion-item\">\n\t\t<a id=\"accordion-782445980-label\" class=\"accordion-title plain\" href=\"#accordion-item-projekt\" aria-expanded=\"false\" aria-controls=\"accordion-782445980-content\">\n\t\t\t<button class=\"toggle\" aria-label=\"Sl\u00e5 til\/fra\"><i class=\"icon-angle-down\" aria-hidden=\"true\"><\/i><\/button>\n\t\t\t<span>Projekt<\/span>\n\t\t<\/a>\n\t\t<div id=\"accordion-782445980-content\" class=\"accordion-inner\" aria-labelledby=\"accordion-782445980-label\">\n\t\t\t\n\n<p>kommer her<\/p>\n\n\t\t<\/div>\n\t<\/div>\n\t\n\t<div id=\"accordion-210703237\" class=\"accordion-item\">\n\t\t<a id=\"accordion-210703237-label\" class=\"accordion-title plain\" href=\"#accordion-item-tour-datoer\" aria-expanded=\"false\" aria-controls=\"accordion-210703237-content\">\n\t\t\t<button class=\"toggle\" aria-label=\"Sl\u00e5 til\/fra\"><i class=\"icon-angle-down\" aria-hidden=\"true\"><\/i><\/button>\n\t\t\t<span>Tour datoer<\/span>\n\t\t<\/a>\n\t\t<div id=\"accordion-210703237-content\" class=\"accordion-inner\" aria-labelledby=\"accordion-210703237-label\">\n\t\t\t\n\n<p>2022\/2023<\/p>\n\n\t\t<\/div>\n\t<\/div>\n\t\n\n<\/div>\n<div class=\"row\"  id=\"row-227201480\">\n\n\n\t<div id=\"col-2078597758\" class=\"col medium-4 small-12 large-4\"  >\n\t\t\t\t<div class=\"col-inner\"  >\n\t\t\t\n\t\t\t\n\n<div class=\"video video-fit mb\" style=\"padding-top:56.25%;\"><iframe loading=\"lazy\" title=\"America&#039;s Got Talent 2019 Chris Kla\u0308fford All Performances\" width=\"1020\" height=\"574\" src=\"https:\/\/www.youtube.com\/embed\/SzbCXgBXDM8?feature=oembed\" frameborder=\"0\" allow=\"accelerometer; autoplay; clipboard-write; encrypted-media; gyroscope; picture-in-picture; web-share\" referrerpolicy=\"strict-origin-when-cross-origin\" allowfullscreen><\/iframe><\/div>\n\n\n\t\t<\/div>\n\t\t\t\t\n<style>\n#col-2078597758 > .col-inner {\n  padding: 0px 5px 0px px;\n  margin: 0px 0px 0px 0;\n}\n@media (min-width:550px) {\n  #col-2078597758 > .col-inner {\n    margin: 0px 0px 0px 10px;\n  }\n}\n<\/style>\n\t<\/div>\n\n\t\n\n<\/div>\n\n\t\t<\/div>\n\t\t\t\t\n<style>\n#col-555825365 > .col-inner {\n  border-radius: 3px;\n}\n<\/style>\n\t<\/div>\n\n\t\n\n\n<style>\n#row-984662257 > .col > .col-inner {\n  background-color: rgba(33, 46, 89, 0.576);\n}\n<\/style>\n<\/div>\n\n\t\t<\/div>\n\n\t\t\n<style>\n#section_1765511458 {\n  padding-top: 30px;\n  padding-bottom: 30px;\n}\n<\/style>\n\t<\/section>\n\t\n\n","protected":false},"excerpt":{"rendered":"","protected":false},"author":3,"featured_media":0,"parent":0,"menu_order":0,"comment_status":"closed","ping_status":"closed","template":"page-transparent-header-light.php","meta":{"footnotes":""},"class_list":["post-1285","page","type-page","status-publish","hentry"],"yoast_head":"<!-- This site is optimized with the Yoast SEO plugin v27.5 - https:\/\/yoast.com\/product\/yoast-seo-wordpress\/ -->\n<title>Chris Kl\u00e4fford - Scandinavian Concert and Tour Promotion<\/title>\n<meta name=\"robots\" content=\"index, follow, max-snippet:-1, max-image-preview:large, max-video-preview:-1\" \/>\n<link rel=\"canonical\" href=\"https:\/\/sctp.dk\/da_dk\/chris-klafford\/\" \/>\n<meta property=\"og:locale\" content=\"da_DK\" \/>\n<meta property=\"og:type\" content=\"article\" \/>\n<meta property=\"og:title\" content=\"Chris Kl\u00e4fford - Scandinavian Concert and Tour Promotion\" \/>\n<meta property=\"og:url\" content=\"https:\/\/sctp.dk\/da_dk\/chris-klafford\/\" \/>\n<meta property=\"og:site_name\" content=\"Scandinavian Concert and Tour Promotion\" \/>\n<meta property=\"article:publisher\" content=\"https:\/\/www.facebook.com\/NissumEvent\" \/>\n<meta property=\"article:modified_time\" content=\"2023-09-14T20:12:42+00:00\" \/>\n<meta name=\"twitter:card\" content=\"summary_large_image\" \/>\n<meta name=\"twitter:label1\" content=\"Estimeret l\u00e6setid\" \/>\n\t<meta name=\"twitter:data1\" content=\"3 minutter\" \/>\n<script type=\"application\/ld+json\" class=\"yoast-schema-graph\">{\"@context\":\"https:\\\/\\\/schema.org\",\"@graph\":[{\"@type\":\"WebPage\",\"@id\":\"https:\\\/\\\/sctp.dk\\\/chris-klafford\\\/\",\"url\":\"https:\\\/\\\/sctp.dk\\\/chris-klafford\\\/\",\"name\":\"Chris Kl\u00e4fford - Scandinavian Concert and Tour Promotion\",\"isPartOf\":{\"@id\":\"https:\\\/\\\/sctp.dk\\\/da_dk\\\/#website\"},\"datePublished\":\"2021-11-24T16:32:01+00:00\",\"dateModified\":\"2023-09-14T20:12:42+00:00\",\"breadcrumb\":{\"@id\":\"https:\\\/\\\/sctp.dk\\\/chris-klafford\\\/#breadcrumb\"},\"inLanguage\":\"da-DK\",\"potentialAction\":[{\"@type\":\"ReadAction\",\"target\":[\"https:\\\/\\\/sctp.dk\\\/chris-klafford\\\/\"]}]},{\"@type\":\"BreadcrumbList\",\"@id\":\"https:\\\/\\\/sctp.dk\\\/chris-klafford\\\/#breadcrumb\",\"itemListElement\":[{\"@type\":\"ListItem\",\"position\":1,\"name\":\"Hjem\",\"item\":\"https:\\\/\\\/sctp.dk\\\/\"},{\"@type\":\"ListItem\",\"position\":2,\"name\":\"Chris Kl\u00e4fford\"}]},{\"@type\":\"WebSite\",\"@id\":\"https:\\\/\\\/sctp.dk\\\/da_dk\\\/#website\",\"url\":\"https:\\\/\\\/sctp.dk\\\/da_dk\\\/\",\"name\":\"Scandinavian Concert and Tour Promotion\",\"description\":\"Concert&amp;Tour Promotion \u2022 event\",\"publisher\":{\"@id\":\"https:\\\/\\\/sctp.dk\\\/da_dk\\\/#organization\"},\"potentialAction\":[{\"@type\":\"SearchAction\",\"target\":{\"@type\":\"EntryPoint\",\"urlTemplate\":\"https:\\\/\\\/sctp.dk\\\/da_dk\\\/?s={search_term_string}\"},\"query-input\":{\"@type\":\"PropertyValueSpecification\",\"valueRequired\":true,\"valueName\":\"search_term_string\"}}],\"inLanguage\":\"da-DK\"},{\"@type\":\"Organization\",\"@id\":\"https:\\\/\\\/sctp.dk\\\/da_dk\\\/#organization\",\"name\":\"Scandinavian Concert&Tour Promotion\",\"url\":\"https:\\\/\\\/sctp.dk\\\/da_dk\\\/\",\"logo\":{\"@type\":\"ImageObject\",\"inLanguage\":\"da-DK\",\"@id\":\"https:\\\/\\\/sctp.dk\\\/da_dk\\\/#\\\/schema\\\/logo\\\/image\\\/\",\"url\":\"https:\\\/\\\/sctp.dk\\\/wp-content\\\/uploads\\\/2021\\\/10\\\/Banner_1a.png\",\"contentUrl\":\"https:\\\/\\\/sctp.dk\\\/wp-content\\\/uploads\\\/2021\\\/10\\\/Banner_1a.png\",\"width\":8963,\"height\":2433,\"caption\":\"Scandinavian Concert&Tour Promotion\"},\"image\":{\"@id\":\"https:\\\/\\\/sctp.dk\\\/da_dk\\\/#\\\/schema\\\/logo\\\/image\\\/\"},\"sameAs\":[\"https:\\\/\\\/www.facebook.com\\\/NissumEvent\"]}]}<\/script>\n<!-- \/ Yoast SEO plugin. -->","yoast_head_json":{"title":"Chris Kl\u00e4fford - Scandinavian Concert and Tour Promotion","robots":{"index":"index","follow":"follow","max-snippet":"max-snippet:-1","max-image-preview":"max-image-preview:large","max-video-preview":"max-video-preview:-1"},"canonical":"https:\/\/sctp.dk\/da_dk\/chris-klafford\/","og_locale":"da_DK","og_type":"article","og_title":"Chris Kl\u00e4fford - Scandinavian Concert and Tour Promotion","og_url":"https:\/\/sctp.dk\/da_dk\/chris-klafford\/","og_site_name":"Scandinavian Concert and Tour Promotion","article_publisher":"https:\/\/www.facebook.com\/NissumEvent","article_modified_time":"2023-09-14T20:12:42+00:00","twitter_card":"summary_large_image","twitter_misc":{"Estimeret l\u00e6setid":"3 minutter"},"schema":{"@context":"https:\/\/schema.org","@graph":[{"@type":"WebPage","@id":"https:\/\/sctp.dk\/chris-klafford\/","url":"https:\/\/sctp.dk\/chris-klafford\/","name":"Chris Kl\u00e4fford - Scandinavian Concert and Tour Promotion","isPartOf":{"@id":"https:\/\/sctp.dk\/da_dk\/#website"},"datePublished":"2021-11-24T16:32:01+00:00","dateModified":"2023-09-14T20:12:42+00:00","breadcrumb":{"@id":"https:\/\/sctp.dk\/chris-klafford\/#breadcrumb"},"inLanguage":"da-DK","potentialAction":[{"@type":"ReadAction","target":["https:\/\/sctp.dk\/chris-klafford\/"]}]},{"@type":"BreadcrumbList","@id":"https:\/\/sctp.dk\/chris-klafford\/#breadcrumb","itemListElement":[{"@type":"ListItem","position":1,"name":"Hjem","item":"https:\/\/sctp.dk\/"},{"@type":"ListItem","position":2,"name":"Chris Kl\u00e4fford"}]},{"@type":"WebSite","@id":"https:\/\/sctp.dk\/da_dk\/#website","url":"https:\/\/sctp.dk\/da_dk\/","name":"Scandinavian Concert and Tour Promotion","description":"Concert&amp;Tour Promotion \u2022 event","publisher":{"@id":"https:\/\/sctp.dk\/da_dk\/#organization"},"potentialAction":[{"@type":"SearchAction","target":{"@type":"EntryPoint","urlTemplate":"https:\/\/sctp.dk\/da_dk\/?s={search_term_string}"},"query-input":{"@type":"PropertyValueSpecification","valueRequired":true,"valueName":"search_term_string"}}],"inLanguage":"da-DK"},{"@type":"Organization","@id":"https:\/\/sctp.dk\/da_dk\/#organization","name":"Scandinavian Concert&Tour Promotion","url":"https:\/\/sctp.dk\/da_dk\/","logo":{"@type":"ImageObject","inLanguage":"da-DK","@id":"https:\/\/sctp.dk\/da_dk\/#\/schema\/logo\/image\/","url":"https:\/\/sctp.dk\/wp-content\/uploads\/2021\/10\/Banner_1a.png","contentUrl":"https:\/\/sctp.dk\/wp-content\/uploads\/2021\/10\/Banner_1a.png","width":8963,"height":2433,"caption":"Scandinavian Concert&Tour Promotion"},"image":{"@id":"https:\/\/sctp.dk\/da_dk\/#\/schema\/logo\/image\/"},"sameAs":["https:\/\/www.facebook.com\/NissumEvent"]}]}},"_links":{"self":[{"href":"https:\/\/sctp.dk\/da_dk\/wp-json\/wp\/v2\/pages\/1285","targetHints":{"allow":["GET"]}}],"collection":[{"href":"https:\/\/sctp.dk\/da_dk\/wp-json\/wp\/v2\/pages"}],"about":[{"href":"https:\/\/sctp.dk\/da_dk\/wp-json\/wp\/v2\/types\/page"}],"author":[{"embeddable":true,"href":"https:\/\/sctp.dk\/da_dk\/wp-json\/wp\/v2\/users\/3"}],"replies":[{"embeddable":true,"href":"https:\/\/sctp.dk\/da_dk\/wp-json\/wp\/v2\/comments?post=1285"}],"version-history":[{"count":29,"href":"https:\/\/sctp.dk\/da_dk\/wp-json\/wp\/v2\/pages\/1285\/revisions"}],"predecessor-version":[{"id":3091,"href":"https:\/\/sctp.dk\/da_dk\/wp-json\/wp\/v2\/pages\/1285\/revisions\/3091"}],"wp:attachment":[{"href":"https:\/\/sctp.dk\/da_dk\/wp-json\/wp\/v2\/media?parent=1285"}],"curies":[{"name":"wp","href":"https:\/\/api.w.org\/{rel}","templated":true}]}}